{"id":471,"date":"2023-06-03T10:43:13","date_gmt":"2023-06-03T10:43:13","guid":{"rendered":"https:\/\/stro.my\/?page_id=471"},"modified":"2025-06-13T10:19:20","modified_gmt":"2025-06-13T10:19:20","slug":"media","status":"publish","type":"page","link":"https:\/\/stro.my\/cs\/media\/","title":{"rendered":"Media"},"content":{"rendered":"<p>[et_pb_section fb_built=&#8221;1&#8243; custom_padding_last_edited=&#8221;on|tablet&#8221; admin_label=&#8221;Hero&#8221; _builder_version=&#8221;4.16.1&#8243; use_background_color_gradient=&#8221;on&#8221; background_color_gradient_direction=&#8221;178deg&#8221; background_color_gradient_stops=&#8221;rgba(27,31,37,0) 13%|#1b1f25 100%&#8221; background_color_gradient_overlays_image=&#8221;on&#8221; background_color_gradient_start=&#8221;rgba(27,31,37,0)&#8221; background_color_gradient_end=&#8221;#1b1f25&#8243; background_image=&#8221;https:\/\/stro.my\/wp-content\/uploads\/2023\/01\/DSC_6553.jpg&#8221; custom_margin=&#8221;0px|||&#8221; custom_padding=&#8221;0px|10%|0px|10%|true|true&#8221; custom_padding_tablet=&#8221;|30px||30px||true&#8221; custom_padding_phone=&#8221;108px|30px|108px|30px|true|true&#8221; locked=&#8221;off&#8221; global_colors_info=&#8221;{}&#8221;][et_pb_row padding_top_bottom_link_1=&#8221;true&#8221; padding_left_right_link_1=&#8221;true&#8221; _builder_version=&#8221;4.16.1&#8243; background_size=&#8221;initial&#8221; background_position=&#8221;top_left&#8221; width=&#8221;100%&#8221; max_width=&#8221;100%&#8221; custom_margin=&#8221;|||&#8221; custom_padding=&#8221;0||0px||false|false&#8221; use_custom_width=&#8221;on&#8221; width_unit=&#8221;off&#8221; custom_width_percent=&#8221;100%&#8221; global_colors_info=&#8221;{}&#8221;][et_pb_column type=&#8221;4_4&#8243; _builder_version=&#8221;4.16.1&#8243; custom_padding=&#8221;12vw|40px|12vw|40px&#8221; custom_padding_tablet=&#8221;|||&#8221; custom_padding_phone=&#8221;|10px||10px||true&#8221; custom_padding_last_edited=&#8221;on|desktop&#8221; global_colors_info=&#8221;{}&#8221; padding_phone=&#8221;|10px||10px||true&#8221; padding_tablet=&#8221;|||&#8221; padding_last_edited=&#8221;on|desktop&#8221; custom_padding__hover=&#8221;|||&#8221;][et_pb_text _builder_version=&#8221;4.16.1&#8243; text_font=&#8221;Lato||||||||&#8221; text_font_size=&#8221;20px&#8221; text_line_height=&#8221;1.8em&#8221; header_font=&#8221;Open Sans|700|||||||&#8221; header_font_size=&#8221;100px&#8221; background_layout=&#8221;dark&#8221; width=&#8221;100%&#8221; custom_margin=&#8221;|-10vw|20px|0vw||&#8221; custom_margin_tablet=&#8221;|0vw||0px&#8221; custom_margin_phone=&#8221;&#8221; custom_margin_last_edited=&#8221;on|desktop&#8221; custom_padding=&#8221;74px|0px||||&#8221; animation_direction=&#8221;left&#8221; header_font_size_tablet=&#8221;100px&#8221; header_font_size_phone=&#8221;44px&#8221; header_font_size_last_edited=&#8221;on|phone&#8221; locked=&#8221;off&#8221; global_colors_info=&#8221;{}&#8221;]<\/p>\n<h1 style=\"text-align: center;\">MEDIA<\/h1>\n<p>[\/et_pb_text][\/et_pb_column][\/et_pb_row][\/et_pb_section][et_pb_section fb_built=&#8221;1&#8243; _builder_version=&#8221;4.16.1&#8243; _module_preset=&#8221;default&#8221; global_colors_info=&#8221;{}&#8221;][et_pb_row module_id=&#8221;contacts&#8221; _builder_version=&#8221;4.16.1&#8243; max_width=&#8221;960px&#8221; module_alignment=&#8221;center&#8221; custom_padding=&#8221;14px|||||&#8221; use_custom_width=&#8221;on&#8221; custom_width_px=&#8221;960px&#8221; locked=&#8221;off&#8221; global_colors_info=&#8221;{}&#8221;][et_pb_column type=&#8221;4_4&#8243; _builder_version=&#8221;4.16&#8243; custom_padding=&#8221;|||&#8221; global_colors_info=&#8221;{}&#8221; custom_padding__hover=&#8221;|||&#8221;][et_pb_text _builder_version=&#8221;4.16.1&#8243; _module_preset=&#8221;default&#8221; header_2_font=&#8221;Open Sans||||||||&#8221; header_2_font_size=&#8221;50px&#8221; custom_margin=&#8221;||46px|||&#8221; header_2_font_size_tablet=&#8221;50px&#8221; header_2_font_size_phone=&#8221;36px&#8221; header_2_font_size_last_edited=&#8221;on|phone&#8221; global_colors_info=&#8221;{}&#8221;][\/et_pb_text][et_pb_text _builder_version=&#8221;4.16.1&#8243; _module_preset=&#8221;default&#8221; link_option_url=&#8221;https:\/\/www.narodni-divadlo.cz\/cs\/emagazin\/opera-pohledem-soucasne-generace-skladatelu-AreArUAlScK7OM3hPFawuA&#8221; hover_enabled=&#8221;0&#8243; global_colors_info=&#8221;{}&#8221; sticky_enabled=&#8221;0&#8243;]<\/p>\n<blockquote>\n<p><a href=\"https:\/\/denikn.cz\/minuta\/1712661\/\">denikn.cz<\/a><\/p>\n<\/blockquote>\n<h2 class=\"e_title e_title__sans\"><a href=\"https:\/\/denikn.cz\/minuta\/1712661\/\">Smetanova Vltava slav\u00ed jubileum, poslechn\u011bte si ji v\u00a0nov\u00e9m<\/a><\/h2>\n<p>[\/et_pb_text][et_pb_text _builder_version=&#8221;4.16.1&#8243; _module_preset=&#8221;default&#8221; link_option_url=&#8221;https:\/\/www.narodni-divadlo.cz\/cs\/emagazin\/opera-pohledem-soucasne-generace-skladatelu-AreArUAlScK7OM3hPFawuA&#8221; global_colors_info=&#8221;{}&#8221;]<\/p>\n<blockquote>\n<p class=\"h2\" style=\"text-align: left;\"><a href=\"https:\/\/life.forbes.cz\/hudbou-zpracovavam-nove-pohledy-na-prirodu-rika-predni-cesky-skladatel-jiri-trtik\/\">life.forbes.cz<\/a><\/p>\n<\/blockquote>\n<h1><a href=\"https:\/\/www.ceskatelevize.cz\/porady\/12072033166-artzona\/225542152010003\/\"><span><\/span><\/a><\/h1>\n<h2 class=\"h3-noto heading\"><a href=\"https:\/\/life.forbes.cz\/hudbou-zpracovavam-nove-pohledy-na-prirodu-rika-predni-cesky-skladatel-jiri-trtik\/\">Hudbou zpracov\u00e1v\u00e1m nov\u00e9 pohledy na p\u0159\u00edrodu, \u0159\u00edk\u00e1 p\u0159edn\u00ed \u010desk\u00fd skladatel Ji\u0159\u00ed Trt\u00edk<\/a><\/h2>\n<h2><a href=\"https:\/\/www.narodni-divadlo.cz\/cs\/emagazin\/opera-pohledem-soucasne-generace-skladatelu-AreArUAlScK7OM3hPFawuA\">\u00a0<\/a><\/h2>\n<p>[\/et_pb_text][et_pb_text _builder_version=&#8221;4.16.1&#8243; _module_preset=&#8221;default&#8221; link_option_url=&#8221;https:\/\/www.narodni-divadlo.cz\/cs\/emagazin\/opera-pohledem-soucasne-generace-skladatelu-AreArUAlScK7OM3hPFawuA&#8221; global_colors_info=&#8221;{}&#8221;]<\/p>\n<blockquote>\n<p class=\"h2\" style=\"text-align: left;\"><a href=\"https:\/\/www.ceskatelevize.cz\/porady\/12072033166-artzona\/225542152010003\/\">ceskatelevize.cz<\/a><\/p>\n<\/blockquote>\n<h2><a href=\"https:\/\/www.ceskatelevize.cz\/porady\/12072033166-artzona\/225542152010003\/\"><span>Art t\u00fdden: soudob\u00e1 v\u00e1\u017en\u00e1 hudba (23. minuta)<\/span><\/a><\/h2>\n<h2><a href=\"https:\/\/www.narodni-divadlo.cz\/cs\/emagazin\/opera-pohledem-soucasne-generace-skladatelu-AreArUAlScK7OM3hPFawuA\">\u00a0<\/a><\/h2>\n<p>[\/et_pb_text][et_pb_text _builder_version=&#8221;4.16.1&#8243; _module_preset=&#8221;default&#8221; link_option_url=&#8221;https:\/\/www.narodni-divadlo.cz\/cs\/emagazin\/opera-pohledem-soucasne-generace-skladatelu-AreArUAlScK7OM3hPFawuA&#8221; global_colors_info=&#8221;{}&#8221;]<\/p>\n<blockquote>\n<p class=\"h2\" style=\"text-align: left;\"><a href=\"\/cs\/klasikaplus.cz\/\">klasikaplus.cz<\/a><\/p>\n<\/blockquote>\n<h2><a href=\"https:\/\/www.klasikaplus.cz\/bedrich-smetana-v-soucasnem-pojeti-nabidne-ensemble-stro-my-na-evropskem-turne\/?fbclid=IwY2xjawFeP61leHRuA2FlbQIxMQABHVSze2woRSyYb1TfDV6wzUFHeqa1LLdF4wg98DbhNB7iwk9bsEfen3Q6Yg_aem_qgEDKzreGFluJeFxNDKjAw\">Bed\u0159ich Smetana v sou\u010dasn\u00e9m pojet\u00ed s Ans\u00e1mblem STRO.MY na evropsk\u00e9m turn\u00e9<\/a><\/h2>\n<h2><a href=\"https:\/\/www.narodni-divadlo.cz\/cs\/emagazin\/opera-pohledem-soucasne-generace-skladatelu-AreArUAlScK7OM3hPFawuA\">\u00a0<\/a><\/h2>\n<p>[\/et_pb_text][et_pb_text _builder_version=&#8221;4.16.1&#8243; _module_preset=&#8221;default&#8221; link_option_url=&#8221;https:\/\/www.narodni-divadlo.cz\/cs\/emagazin\/opera-pohledem-soucasne-generace-skladatelu-AreArUAlScK7OM3hPFawuA&#8221; global_colors_info=&#8221;{}&#8221;]<\/p>\n<blockquote>\n<p class=\"h2\" style=\"text-align: left;\"><a href=\"\/cs\/novinky.cz\/\">novinky.cz<\/a><\/p>\n<\/blockquote>\n<h2 color=\"white\" class=\"sc-3bbdf438-0 kswItg\"><a href=\"https:\/\/www.novinky.cz\/clanek\/kultura-divadlo-recenze-intimni-ponor-do-kafkovy-duse-40477302?fbclid=IwZXh0bgNhZW0CMTEAAR2UTpruKFSO_iQwFbrjNPvDHbp2yYxJdOXW79onhOQ1QIkF0HFC5Tn2S50_aem_T45r4TpwZk9iB432xhi_ZA\">RECENZE: Intimn\u00ed ponor do Kafkovy du\u0161e<\/a><\/h2>\n<h2><a href=\"https:\/\/www.narodni-divadlo.cz\/cs\/emagazin\/opera-pohledem-soucasne-generace-skladatelu-AreArUAlScK7OM3hPFawuA\">\u00a0<\/a><\/h2>\n<p>[\/et_pb_text][et_pb_text _builder_version=&#8221;4.16.1&#8243; _module_preset=&#8221;default&#8221; link_option_url=&#8221;https:\/\/www.narodni-divadlo.cz\/cs\/emagazin\/opera-pohledem-soucasne-generace-skladatelu-AreArUAlScK7OM3hPFawuA&#8221; global_colors_info=&#8221;{}&#8221;]<\/p>\n<blockquote>\n<p class=\"h2\" style=\"text-align: left;\"><a href=\"https:\/\/www.vogue.cz\/clanek\/vogue-daily\/umeni\/tym-vogue\/kafkuv-dopis-otci-oziva-na-jevisti-svetova-premiera-opery-v-narodnim-divadle-v-praze-s-timurem-v-hlavni-roli?utm_source=facebook&amp;utm_medium=referral&amp;utm_campaign=social_redirection\">vogue.cz<\/a><\/p>\n<\/blockquote>\n<h2 type=\"h1\" class=\"HeadlinePrimary__Headline-sc-1ykctls-0-h1 ieTtWU\"><a href=\"https:\/\/www.vogue.cz\/clanek\/vogue-daily\/umeni\/tym-vogue\/kafkuv-dopis-otci-oziva-na-jevisti-svetova-premiera-opery-v-narodnim-divadle-v-praze-s-timurem-v-hlavni-roli?utm_source=facebook&amp;utm_medium=referral&amp;utm_campaign=social_redirection\">Kafk\u016fv dopis otci o\u017e\u00edv\u00e1 na jevi\u0161ti: Sv\u011btov\u00e1 premi\u00e9ra opery v N\u00e1rodn\u00edm divadle v Praze s Timurem v hlavn\u00ed roli<\/a><\/h2>\n<p>[\/et_pb_text][et_pb_text _builder_version=&#8221;4.16.1&#8243; _module_preset=&#8221;default&#8221; link_option_url=&#8221;https:\/\/www.narodni-divadlo.cz\/cs\/emagazin\/opera-pohledem-soucasne-generace-skladatelu-AreArUAlScK7OM3hPFawuA&#8221; global_colors_info=&#8221;{}&#8221;]<\/p>\n<blockquote>\n<p class=\"h2\" style=\"text-align: left;\"><a href=\"https:\/\/www.narodni-divadlo.cz\/cs\/emagazin\/opera-pohledem-soucasne-generace-skladatelu-AreArUAlScK7OM3hPFawuA\"><span class=\"player-header__title-text\">narodni-divadlo.cz<\/span><\/a><\/p>\n<\/blockquote>\n<h2 color=\"white\" class=\"sc-3bbdf438-0 kswItg\"><a href=\"https:\/\/www.narodni-divadlo.cz\/cs\/emagazin\/opera-pohledem-soucasne-generace-skladatelu-AreArUAlScK7OM3hPFawuA\">Opera pohledem sou\u010dasn\u00e9 generace skladatel\u016f &#8211; Rozhovor s Ji\u0159\u00edm Trt\u00edkem nejen o Kafkovsk\u00e9 ope\u0159e<\/a><\/h2>\n<h2><a href=\"https:\/\/www.narodni-divadlo.cz\/cs\/emagazin\/opera-pohledem-soucasne-generace-skladatelu-AreArUAlScK7OM3hPFawuA\">\u00a0<\/a><\/h2>\n<p>[\/et_pb_text][et_pb_text _builder_version=&#8221;4.16.1&#8243; _module_preset=&#8221;default&#8221; link_option_url=&#8221;https:\/\/www.rave.cz\/17343\/zrozeni-electric-universe-karel-havlicek-martin-kucera-a-jiri-trtik-v-ceste-za-spojenim-klasicke-a-elektronicke-hudby\/&#8221; global_colors_info=&#8221;{}&#8221;]<\/p>\n<blockquote>\n<p class=\"h2\" style=\"text-align: left;\"><span class=\"player-header__title-text\">rave.cz<\/span><\/p>\n<\/blockquote>\n<h2 class=\"itemTitle\"><a href=\"https:\/\/www.rave.cz\/17343\/zrozeni-electric-universe-karel-havlicek-martin-kucera-a-jiri-trtik-v-ceste-za-spojenim-klasicke-a-elektronicke-hudby\/\">Zrozen\u00ed Electric Universe: Karel Havl\u00ed\u010dek, Martin Ku\u010dera a Ji\u0159\u00ed Trt\u00edk v cest\u011b za spojen\u00edm klasick\u00e9 a elektronick\u00e9 hudby<\/a><a href=\"https:\/\/www.rave.cz\/17343\/zrozeni-electric-universe-karel-havlicek-martin-kucera-a-jiri-trtik-v-ceste-za-spojenim-klasicke-a-elektronicke-hudby\/\"><\/a><\/h2>\n<p>&nbsp;<\/p>\n<p>[\/et_pb_text][et_pb_text _builder_version=&#8221;4.16.1&#8243; _module_preset=&#8221;default&#8221; global_colors_info=&#8221;{}&#8221;]<\/p>\n<blockquote>\n<p class=\"h2\" style=\"text-align: left;\"><span class=\"player-header__title-text\">Klasika Plus<\/span><\/p>\n<\/blockquote>\n<h2 class=\"itemTitle\"><a href=\"https:\/\/www.klasikaplus.cz\/reflexe-2\/item\/8339-karel-havlicek-v-bazenu?fbclid=IwAR13JPkdZC6X1nTzQ2NK7i9FiLzcHYoZSDKLEpvRv8BBiqq_rxLTfgLnzDA\">Karel Havl\u00ed\u010dek v baz\u00e9nu<\/a> &amp; STRO.MY Ensemble<\/h2>\n<p>&nbsp;<\/p>\n<p>[\/et_pb_text][et_pb_text _builder_version=&#8221;4.16.1&#8243; _module_preset=&#8221;default&#8221; global_colors_info=&#8221;{}&#8221;]<\/p>\n<blockquote>\n<p class=\"h2\" style=\"text-align: left;\"><span class=\"player-header__title-text\">Interview &#8211; \u010cesk\u00fd rozhlas Vltava<\/span><\/p>\n<\/blockquote>\n<h2 class=\"h2\" id=\"full-player-title\" style=\"text-align: left;\"><a href=\"https:\/\/vltava.rozhlas.cz\/fagot-je-pro-me-velke-tema-prinasi-mi-do-zivota-stesti-rika-skladatel-jiri-trtik-8786731?fs=e&amp;s=cl&amp;fbclid=IwAR3Hpk0RXmiXYCHTChPFeTSeNdnDTc2X9TNIHsvvTSEjfGq5UKdZlqk3uQ0\"><span class=\"player-header__title-text\">Fagot je pro m\u011b velk\u00e9 t\u00e9ma, p\u0159in\u00e1\u0161\u00ed mi do \u017eivota \u0161t\u011bst\u00ed, \u0159\u00edk\u00e1 skladatel Ji\u0159\u00ed Trt\u00edk. V jeho skladb\u00e1ch p\u0159edstavuje stromy i bizony<\/span><\/a><\/h2>\n<p>[\/et_pb_text][et_pb_text _builder_version=&#8221;4.16.1&#8243; _module_preset=&#8221;default&#8221; global_colors_info=&#8221;{}&#8221;]<\/p>\n<blockquote>\n<p class=\"h2\" style=\"text-align: left;\"><span class=\"player-header__title-text\">Interview &#8211; \u010cesk\u00fd rozhlas R plus<\/span><\/p>\n<\/blockquote>\n<h2 class=\"h2\" id=\"full-player-title\" style=\"text-align: left;\"><a href=\"https:\/\/www.mujrozhlas.cz\/hovory\/jsem-z-cihoste-mam-idealy-budu-je-mit-rika-skladatel-trtik?fbclid=IwAR31xp9Jni5VreLVd_cJ1sgK7ydvpRYGz918MWTIhseNSG1Tegsx4sBoQaE\"><span class=\"player-header__title-text\">Jsem z \u010c\u00edho\u0161t\u011b \u2013 m\u00e1m ide\u00e1ly a budu je m\u00edt, \u0159\u00edk\u00e1 skladatel Trt\u00edk<\/span><\/a><span style=\"color: #000000;\"><strong><\/strong><\/span><\/h2>\n<h2>\u00a0<\/h2>\n<p>[\/et_pb_text][et_pb_text _builder_version=&#8221;4.16.1&#8243; _module_preset=&#8221;default&#8221; global_colors_info=&#8221;{}&#8221;]<\/p>\n<blockquote>\n<p class=\"h2\" style=\"text-align: left;\">fullmoonzine.cz<\/p>\n<\/blockquote>\n<h2 class=\"headline__header\"><a href=\"https:\/\/www.fullmoonzine.cz\/jiri-trtik-chysta-premieru-pro-let\">Ji\u0159\u00ed Trt\u00edk chyst\u00e1 premi\u00e9ru pro les<\/a><\/h2>\n<p>[\/et_pb_text][et_pb_text _builder_version=&#8221;4.16.1&#8243; _module_preset=&#8221;default&#8221; global_colors_info=&#8221;{}&#8221;]<\/p>\n<blockquote>\n<p class=\"h2\" style=\"text-align: left;\">musicserver.cz<\/p>\n<\/blockquote>\n<h2><a href=\"https:\/\/musicserver.cz\/clanek\/66033\/jiri-trtik-chce-skladbou-venovanou-lesu-propojit-prirodu-a-hudbu-lesni-premiery-se-muzete-zucastnit-i-vy\/\">Ji\u0159\u00ed Trt\u00edk chce skladbou v\u011bnovanou lesu propojit p\u0159\u00edrodu a hudbu. Lesn\u00ed premi\u00e9ry se m\u016f\u017eete z\u00fa\u010dastnit i vy<\/a><\/h2>\n<p>[\/et_pb_text][\/et_pb_column][\/et_pb_row][\/et_pb_section]<\/p>","protected":false},"excerpt":{"rendered":"<p>MEDIAdenikn.cz Smetanova Vltava slav\u00ed jubileum, poslechn\u011bte si ji v\u00a0nov\u00e9m life.forbes.cz Hudbou zpracov\u00e1v\u00e1m nov\u00e9 pohledy na p\u0159\u00edrodu, \u0159\u00edk\u00e1 p\u0159edn\u00ed \u010desk\u00fd skladatel Ji\u0159\u00ed Trt\u00edk \u00a0 ceskatelevize.cz Art t\u00fdden: soudob\u00e1 v\u00e1\u017en\u00e1 hudba (23. [&hellip;]<\/p>","protected":false},"author":1,"featured_media":0,"parent":0,"menu_order":0,"comment_status":"closed","ping_status":"open","template":"","meta":{"_et_pb_use_builder":"on","_et_pb_old_content":"<!-- wp:paragraph -->\n<p>This is an example page. It's different from a blog post because it will stay in one place and will show up in your site navigation (in most themes). Most people start with an About page that introduces them to potential site visitors. It might say something like this:<\/p>\n<!-- \/wp:paragraph -->\n\n<!-- wp:quote -->\n<blockquote class=\"wp-block-quote\"><p>Hi there! I'm a bike messenger by day, aspiring actor by night, and this is my website. I live in Los Angeles, have a great dog named Jack, and I like pi\u00f1a coladas. (And gettin' caught in the rain.)<\/p><\/blockquote>\n<!-- \/wp:quote -->\n\n<!-- wp:paragraph -->\n<p>...or something like this:<\/p>\n<!-- \/wp:paragraph -->\n\n<!-- wp:quote -->\n<blockquote class=\"wp-block-quote\"><p>The XYZ Doohickey Company was founded in 1971, and has been providing quality doohickeys to the public ever since. Located in Gotham City, XYZ employs over 2,000 people and does all kinds of awesome things for the Gotham community.<\/p><\/blockquote>\n<!-- \/wp:quote -->\n\n<!-- wp:paragraph -->\n<p>As a new WordPress user, you should go to <a href=\"http:\/\/localhost\/wp\/wp-admin\/\">your dashboard<\/a> to delete this page and create new pages for your content. Have fun!<\/p>\n<!-- \/wp:paragraph -->","_et_gb_content_width":"","footnotes":""},"class_list":["post-471","page","type-page","status-publish","hentry"],"_links":{"self":[{"href":"https:\/\/stro.my\/cs\/wp-json\/wp\/v2\/pages\/471","targetHints":{"allow":["GET"]}}],"collection":[{"href":"https:\/\/stro.my\/cs\/wp-json\/wp\/v2\/pages"}],"about":[{"href":"https:\/\/stro.my\/cs\/wp-json\/wp\/v2\/types\/page"}],"author":[{"embeddable":true,"href":"https:\/\/stro.my\/cs\/wp-json\/wp\/v2\/users\/1"}],"replies":[{"embeddable":true,"href":"https:\/\/stro.my\/cs\/wp-json\/wp\/v2\/comments?post=471"}],"version-history":[{"count":30,"href":"https:\/\/stro.my\/cs\/wp-json\/wp\/v2\/pages\/471\/revisions"}],"predecessor-version":[{"id":1322,"href":"https:\/\/stro.my\/cs\/wp-json\/wp\/v2\/pages\/471\/revisions\/1322"}],"wp:attachment":[{"href":"https:\/\/stro.my\/cs\/wp-json\/wp\/v2\/media?parent=471"}],"curies":[{"name":"wp","href":"https:\/\/api.w.org\/{rel}","templated":true}]}}