{"id":368,"date":"2023-01-26T08:10:29","date_gmt":"2023-01-26T08:10:29","guid":{"rendered":"https:\/\/stro.my\/?page_id=368"},"modified":"2023-06-01T07:03:17","modified_gmt":"2023-06-01T07:03:17","slug":"the-czech-christmas-mass","status":"publish","type":"page","link":"https:\/\/stro.my\/cs\/the-czech-christmas-mass\/","title":{"rendered":"\u010cESK\u00c1 M\u0160E V\u00c1NO\u010cN\u00cd"},"content":{"rendered":"<p>[et_pb_section fb_built=&#8221;1&#8243; custom_padding_last_edited=&#8221;on|tablet&#8221; disabled_on=&#8221;off|off|off&#8221; admin_label=&#8221;Hero&#8221; _builder_version=&#8221;4.16.1&#8243; use_background_color_gradient=&#8221;on&#8221; background_color_gradient_direction=&#8221;178deg&#8221; background_color_gradient_stops=&#8221;rgba(27,31,37,0) 13%|#1b1f25 100%&#8221; background_color_gradient_overlays_image=&#8221;on&#8221; background_color_gradient_start=&#8221;rgba(27,31,37,0)&#8221; background_color_gradient_end=&#8221;#1b1f25&#8243; background_image=&#8221;https:\/\/stro.my\/wp-content\/uploads\/2023\/01\/1.jpeg&#8221; custom_margin=&#8221;0px|||&#8221; custom_padding=&#8221;0px|10%|0px|10%|true|true&#8221; custom_padding_tablet=&#8221;|30px||30px||true&#8221; custom_padding_phone=&#8221;108px|30px|108px|30px|true|true&#8221; locked=&#8221;off&#8221; global_colors_info=&#8221;{}&#8221;][et_pb_row padding_top_bottom_link_1=&#8221;true&#8221; padding_left_right_link_1=&#8221;true&#8221; _builder_version=&#8221;4.16.1&#8243; background_size=&#8221;initial&#8221; background_position=&#8221;top_left&#8221; width=&#8221;100%&#8221; max_width=&#8221;100%&#8221; custom_margin=&#8221;|||&#8221; custom_padding=&#8221;0||0px||false|false&#8221; use_custom_width=&#8221;on&#8221; width_unit=&#8221;off&#8221; custom_width_percent=&#8221;100%&#8221; global_colors_info=&#8221;{}&#8221;][et_pb_column type=&#8221;4_4&#8243; _builder_version=&#8221;4.16.1&#8243; custom_padding=&#8221;12vw|40px|12vw|40px&#8221; custom_padding_tablet=&#8221;|||&#8221; custom_padding_phone=&#8221;|10px||10px||true&#8221; custom_padding_last_edited=&#8221;on|desktop&#8221; global_colors_info=&#8221;{}&#8221; padding_phone=&#8221;|10px||10px||true&#8221; padding_tablet=&#8221;|||&#8221; padding_last_edited=&#8221;on|desktop&#8221; custom_padding__hover=&#8221;|||&#8221;][et_pb_text _builder_version=&#8221;4.16.1&#8243; text_font=&#8221;Lato||||||||&#8221; text_font_size=&#8221;20px&#8221; text_line_height=&#8221;1.8em&#8221; header_font=&#8221;Open Sans|700|||||||&#8221; header_font_size=&#8221;100px&#8221; background_layout=&#8221;dark&#8221; width=&#8221;100%&#8221; custom_margin=&#8221;|-10vw|20px|0vw||&#8221; custom_margin_tablet=&#8221;|0vw||0px&#8221; custom_margin_phone=&#8221;&#8221; custom_margin_last_edited=&#8221;on|desktop&#8221; custom_padding=&#8221;74px|0px||||&#8221; animation_direction=&#8221;left&#8221; header_font_size_tablet=&#8221;100px&#8221; header_font_size_phone=&#8221;44px&#8221; header_font_size_last_edited=&#8221;on|phone&#8221; locked=&#8221;off&#8221; global_colors_info=&#8221;{}&#8221;]<\/p>\n<h1 style=\"text-align: center;\">Czech Christmas Mass<\/h1>\n<p>[\/et_pb_text][\/et_pb_column][\/et_pb_row][\/et_pb_section][et_pb_section fb_built=&#8221;1&#8243; admin_label=&#8221;About Us&#8221; _builder_version=&#8221;4.16&#8243; custom_padding=&#8221;0px|0px|99px|0px|false|false&#8221; global_colors_info=&#8221;{}&#8221;][et_pb_row module_id=&#8221;program&#8221; _builder_version=&#8221;4.16.1&#8243; _module_preset=&#8221;default&#8221; custom_padding=&#8221;||0px|||&#8221; global_colors_info=&#8221;{}&#8221;][et_pb_column type=&#8221;4_4&#8243; _builder_version=&#8221;4.16.1&#8243; _module_preset=&#8221;default&#8221; global_colors_info=&#8221;{}&#8221;][et_pb_text admin_label=&#8221;Title&#8221; _builder_version=&#8221;4.16.1&#8243; text_font=&#8221;Open Sans||||||||&#8221; text_font_size=&#8221;17px&#8221; text_line_height=&#8221;1.8em&#8221; header_font=&#8221;Open Sans||||||||&#8221; header_2_font=&#8221;Open Sans||||||||&#8221; header_2_font_size=&#8221;50px&#8221; text_orientation=&#8221;center&#8221; max_width=&#8221;750px&#8221; module_alignment=&#8221;center&#8221; custom_margin=&#8221;100px|||||&#8221; hover_enabled=&#8221;0&#8243; header_2_font_size_tablet=&#8221;66px&#8221; header_2_font_size_phone=&#8221;36px&#8221; header_2_font_size_last_edited=&#8221;on|phone&#8221; global_colors_info=&#8221;{}&#8221; sticky_enabled=&#8221;0&#8243;]<\/p>\n<h2>Obsazen\u00ed<\/h2>\n<p>&nbsp;<\/p>\n<p>Sopr\u00e1n: Krist\u00fdna K\u016fstkov\u00e1<br \/>Alt: Marie Svobodov\u00e1<br \/>Tenor: Petr Nekoranec<br \/>Bas: Pavel Van\u010dura<\/p>\n<p>Ans\u00e1mbl a sbor STRO.MY<br \/>Fl\u00e9tna: Tom\u00e1\u0161 St\u00fdblo<br \/>Klarinety: Anna Pauov\u00e1, Ji\u0159\u00ed Jav\u016frek<br \/>Lesn\u00ed roh: Kate\u0159ina Jav\u016frkov\u00e1<br \/>Varhany: Viktor Darebn\u00fd<br \/>Housle I: Ludmila Pavlov\u00e1<br \/>Housle II: Petr Pavl\u00ed\u010dek<br \/>Viola: Josef Kluso\u0148<br \/>Violoncello: Juraj \u0160koda<br \/>Kontrabas: Indi Stiv\u00edn<br \/>Dirigent: Ji\u0159\u00ed Trt\u00edk<\/p>\n<p>Instrumentace: sola, sbor, fl\u00e9tna, 2 klarinety, lesn\u00ed roh, varhany a smy\u010dcov\u00fd kvintet.<br \/>Grafika: Marie Svobodov\u00e1, Anna K\u0159\u00ed\u017eov\u00e1<br \/>Zvuk: Michal Navr\u00e1til<br \/>Musical supervision: Petr Strejc<\/p>\n<p>[\/et_pb_text][\/et_pb_column][\/et_pb_row][\/et_pb_section][et_pb_section fb_built=&#8221;1&#8243; custom_padding_last_edited=&#8221;on|tablet&#8221; admin_label=&#8221;Hero&#8221; _builder_version=&#8221;4.16.1&#8243; background_image=&#8221;https:\/\/stro.my\/wp-content\/uploads\/2023\/01\/57.jpeg&#8221; min_height=&#8221;946.6px&#8221; custom_margin=&#8221;0px|||&#8221; custom_padding=&#8221;0px|10%|0px|10%|true|true&#8221; custom_padding_tablet=&#8221;|30px||30px||true&#8221; custom_padding_phone=&#8221;|||||true&#8221; locked=&#8221;off&#8221; global_colors_info=&#8221;{}&#8221;][\/et_pb_section][et_pb_section fb_built=&#8221;1&#8243; admin_label=&#8221;About Us&#8221; _builder_version=&#8221;4.16&#8243; custom_padding=&#8221;4px|0px|0px|0px|false|false&#8221; global_colors_info=&#8221;{}&#8221;][et_pb_row module_id=&#8221;concert&#8221; _builder_version=&#8221;4.16.1&#8243; max_width=&#8221;960px&#8221; module_alignment=&#8221;center&#8221; min_height=&#8221;258.8px&#8221; custom_padding=&#8221;||80px|||&#8221; use_custom_width=&#8221;on&#8221; custom_width_px=&#8221;960px&#8221; locked=&#8221;off&#8221; global_colors_info=&#8221;{}&#8221;][et_pb_column type=&#8221;4_4&#8243; _builder_version=&#8221;4.16&#8243; custom_padding=&#8221;|||&#8221; global_colors_info=&#8221;{}&#8221; custom_padding__hover=&#8221;|||&#8221;][et_pb_text admin_label=&#8221;Title&#8221; _builder_version=&#8221;4.16.1&#8243; text_font=&#8221;Open Sans||||||||&#8221; text_font_size=&#8221;17px&#8221; text_line_height=&#8221;1.8em&#8221; header_font=&#8221;Open Sans||||||||&#8221; header_2_font=&#8221;Open Sans||||||||&#8221; header_2_font_size=&#8221;50px&#8221; text_orientation=&#8221;center&#8221; max_width=&#8221;750px&#8221; module_alignment=&#8221;center&#8221; custom_margin=&#8221;100px|||||&#8221; header_2_font_size_tablet=&#8221;66px&#8221; header_2_font_size_phone=&#8221;36px&#8221; header_2_font_size_last_edited=&#8221;on|phone&#8221; global_colors_info=&#8221;{}&#8221;]<\/p>\n<h2>O projektu<\/h2>\n<p>&nbsp;<\/p>\n<p>Czech composer, conductor, teacher, winner of the OSA award for the most successful composer of classical music abroad Ji\u0159\u00ed Trt\u00edk is known for his unique project Concert for the forest. Now, with his STRO.MY Ensemble, he has decided to release a recording of his own arrangement Czech Christmas Mass.<\/p>\n<p>\u010cesk\u00e1 m\u0161e v\u00e1no\u010dn\u00ed v \u00faprav\u011b Ji\u0159\u00edho Trt\u00edka je v\u011bnovan\u00e1 pam\u00e1tce skladatele, kantora,\nvzd\u011blance, osv\u00edncence Jakuba Jana Ryby.<\/p>\n<p><em>\u201cV prvn\u00ed \u0159ad\u011b jsem se sna\u017eil vystihnout sd\u011blen\u00ed t\u00e9to hudby a zachovat skromnost, pokoru,\nup\u0159\u00edmnost, prostotu, roztomilost a hravost t\u00e9to m\u0161e ve kter\u00e9 se m\u00eds\u00ed v\u00edde\u0148sk\u00fd klasicismus\ns \u010deskou lidovost\u00ed. By\u0165 jednoduch\u00e1, tak ur\u010dit\u011b ne ban\u00e1ln\u00ed hudba. <br \/><\/em><em>I know of no other piece that so accurately captures the spirit of Czech Christmas, it has something that no other contains. It always transports me to another world. It makes me think again.&#8221;<\/em> &#8211;\u00a0 Ji\u0159\u00ed Trt\u00edk<\/p>\n<p>&nbsp;<\/p>\n<p><em>\u201cMal\u00fd kostel\u00edk je prost\u0159ed\u00ed, kter\u00e9 a\u0165 ji\u017e duchovn\u011b, energeticky, tak akusticky, slu\u0161\u00ed t\u00e9to\nhudb\u011b nejv\u00edc.<\/em><br \/><em>Jsem nesm\u00edrn\u011b r\u00e1d, \u017ee se n\u00e1m poda\u0159ilo v t\u00e9to sestav\u011b naj\u00edt jeden den, kter\u00fd<\/em><br \/><em>jsme mohli v\u011bnovat tomuto nahr\u00e1v\u00e1n\u00ed v mal\u00e9m kostel\u00edku ve Sv\u011btl\u00e9 nad S\u00e1zavou, m\u00edsto,<\/em><br \/><em>kde jsem vyrostl a kde d\u011bl\u00e1me Rybovku tradi\u010dn\u011b ka\u017ed\u00fd rok. Je to pro m\u011b mal\u00fd z\u00e1zrak.\u201d<br \/><\/em> &#8211; Ji\u0159\u00ed Trt\u00edk<\/p>\n<p>[\/et_pb_text][\/et_pb_column][\/et_pb_row][\/et_pb_section][et_pb_section fb_built=&#8221;1&#8243; _builder_version=&#8221;4.16.1&#8243; _module_preset=&#8221;default&#8221; custom_padding=&#8221;0px|||||&#8221; global_colors_info=&#8221;{}&#8221;][et_pb_row _builder_version=&#8221;4.16.1&#8243; _module_preset=&#8221;default&#8221; custom_padding=&#8221;74px|||||&#8221; global_colors_info=&#8221;{}&#8221;][et_pb_column type=&#8221;4_4&#8243; _builder_version=&#8221;4.16.1&#8243; _module_preset=&#8221;default&#8221; global_colors_info=&#8221;{}&#8221;][et_pb_text admin_label=&#8221;Title&#8221; _builder_version=&#8221;4.16.1&#8243; text_font=&#8221;Open Sans||||||||&#8221; text_font_size=&#8221;17px&#8221; text_line_height=&#8221;1.8em&#8221; header_font=&#8221;Open Sans||||||||&#8221; header_2_font=&#8221;Open Sans||||||||&#8221; header_2_font_size=&#8221;50px&#8221; text_orientation=&#8221;center&#8221; max_width=&#8221;750px&#8221; module_alignment=&#8221;center&#8221; custom_margin=&#8221;||60px|||&#8221; header_2_font_size_tablet=&#8221;66px&#8221; header_2_font_size_phone=&#8221;36px&#8221; header_2_font_size_last_edited=&#8221;on|phone&#8221; global_colors_info=&#8221;{}&#8221;]<\/p>\n<h2><\/h2>\n<h2>\u00a0Galerie<\/h2>\n<p>&nbsp;<\/p>\n<p><span><\/span><\/p>\n<p>[\/et_pb_text][et_pb_gallery gallery_ids=&#8221;372,370,374,375,376,377,378,379&#8243; posts_number=&#8221;8&#8243; show_title_and_caption=&#8221;off&#8221; show_pagination=&#8221;off&#8221; zoom_icon_color=&#8221;#FFFFFF&#8221; hover_overlay_color=&#8221;RGBA(255,255,255,0)&#8221; _builder_version=&#8221;4.16.1&#8243; _module_preset=&#8221;default&#8221; box_shadow_style_image=&#8221;preset1&#8243; global_colors_info=&#8221;{}&#8221;][\/et_pb_gallery][\/et_pb_column][\/et_pb_row][\/et_pb_section]<\/p>","protected":false},"excerpt":{"rendered":"<p>Czech Christmas MassCast &nbsp; Soprano: Krist\u00fdna K\u016fstkov\u00e1Alto: Marie Svobodov\u00e1Tenor: Petr NekoranecBass: Pavel Van\u010dura Ensemble and choir STRO.MYFlute: Tom\u00e1\u0161 St\u00fdbloClarinet: Anna Pauov\u00e1, Ji\u0159\u00ed Jav\u016frekFrench horn: Kate\u0159ina Jav\u016frkov\u00e1Organ: Viktor Darebn\u00fdViolin I: Ludmila [&hellip;]<\/p>","protected":false},"author":1,"featured_media":0,"parent":0,"menu_order":0,"comment_status":"closed","ping_status":"open","template":"","meta":{"_et_pb_use_builder":"on","_et_pb_old_content":"<!-- wp:paragraph -->\n<p>This is an example page. It's different from a blog post because it will stay in one place and will show up in your site navigation (in most themes). Most people start with an About page that introduces them to potential site visitors. It might say something like this:<\/p>\n<!-- \/wp:paragraph -->\n\n<!-- wp:quote -->\n<blockquote class=\"wp-block-quote\"><p>Hi there! I'm a bike messenger by day, aspiring actor by night, and this is my website. I live in Los Angeles, have a great dog named Jack, and I like pi\u00f1a coladas. (And gettin' caught in the rain.)<\/p><\/blockquote>\n<!-- \/wp:quote -->\n\n<!-- wp:paragraph -->\n<p>...or something like this:<\/p>\n<!-- \/wp:paragraph -->\n\n<!-- wp:quote -->\n<blockquote class=\"wp-block-quote\"><p>The XYZ Doohickey Company was founded in 1971, and has been providing quality doohickeys to the public ever since. Located in Gotham City, XYZ employs over 2,000 people and does all kinds of awesome things for the Gotham community.<\/p><\/blockquote>\n<!-- \/wp:quote -->\n\n<!-- wp:paragraph -->\n<p>As a new WordPress user, you should go to <a href=\"http:\/\/localhost\/wp\/wp-admin\/\">your dashboard<\/a> to delete this page and create new pages for your content. Have fun!<\/p>\n<!-- \/wp:paragraph -->","_et_gb_content_width":"","footnotes":""},"class_list":["post-368","page","type-page","status-publish","hentry"],"_links":{"self":[{"href":"https:\/\/stro.my\/cs\/wp-json\/wp\/v2\/pages\/368","targetHints":{"allow":["GET"]}}],"collection":[{"href":"https:\/\/stro.my\/cs\/wp-json\/wp\/v2\/pages"}],"about":[{"href":"https:\/\/stro.my\/cs\/wp-json\/wp\/v2\/types\/page"}],"author":[{"embeddable":true,"href":"https:\/\/stro.my\/cs\/wp-json\/wp\/v2\/users\/1"}],"replies":[{"embeddable":true,"href":"https:\/\/stro.my\/cs\/wp-json\/wp\/v2\/comments?post=368"}],"version-history":[{"count":12,"href":"https:\/\/stro.my\/cs\/wp-json\/wp\/v2\/pages\/368\/revisions"}],"predecessor-version":[{"id":420,"href":"https:\/\/stro.my\/cs\/wp-json\/wp\/v2\/pages\/368\/revisions\/420"}],"wp:attachment":[{"href":"https:\/\/stro.my\/cs\/wp-json\/wp\/v2\/media?parent=368"}],"curies":[{"name":"wp","href":"https:\/\/api.w.org\/{rel}","templated":true}]}}