{"id":341,"date":"2023-01-25T16:34:19","date_gmt":"2023-01-25T16:34:19","guid":{"rendered":"https:\/\/stro.my\/?page_id=341"},"modified":"2026-02-15T08:09:02","modified_gmt":"2026-02-15T08:09:02","slug":"moderna-karel-havlicek-stro-my-ensemble","status":"publish","type":"page","link":"https:\/\/stro.my\/cs\/moderna-karel-havlicek-stro-my-ensemble\/","title":{"rendered":"Moderna: Karel Havl\u00ed\u010dek &amp; Stro.my Ensemble"},"content":{"rendered":"<p>[et_pb_section fb_built=&#8221;1&#8243; custom_padding_last_edited=&#8221;on|tablet&#8221; disabled_on=&#8221;off|off|off&#8221; admin_label=&#8221;Hero&#8221; _builder_version=&#8221;4.16.1&#8243; use_background_color_gradient=&#8221;on&#8221; background_color_gradient_direction=&#8221;178deg&#8221; background_color_gradient_stops=&#8221;rgba(27,31,37,0) 13%|#1b1f25 100%&#8221; background_color_gradient_overlays_image=&#8221;on&#8221; background_color_gradient_start=&#8221;rgba(27,31,37,0)&#8221; background_color_gradient_end=&#8221;#1b1f25&#8243; background_image=&#8221;https:\/\/stro.my\/wp-content\/uploads\/2023\/01\/DSC_6670.jpg&#8221; custom_margin=&#8221;0px|||&#8221; custom_padding=&#8221;0px|10%|0px|10%|true|true&#8221; custom_padding_tablet=&#8221;|30px||30px||true&#8221; custom_padding_phone=&#8221;108px|30px|108px|30px|true|true&#8221; locked=&#8221;off&#8221; global_colors_info=&#8221;{}&#8221;][et_pb_row padding_top_bottom_link_1=&#8221;true&#8221; padding_left_right_link_1=&#8221;true&#8221; _builder_version=&#8221;4.16.1&#8243; background_size=&#8221;initial&#8221; background_position=&#8221;top_left&#8221; width=&#8221;100%&#8221; max_width=&#8221;100%&#8221; custom_margin=&#8221;|||&#8221; custom_padding=&#8221;0||0px||false|false&#8221; use_custom_width=&#8221;on&#8221; width_unit=&#8221;off&#8221; custom_width_percent=&#8221;100%&#8221; global_colors_info=&#8221;{}&#8221;][et_pb_column type=&#8221;4_4&#8243; _builder_version=&#8221;4.16.1&#8243; custom_padding=&#8221;12vw|40px|12vw|40px&#8221; custom_padding_tablet=&#8221;|||&#8221; custom_padding_phone=&#8221;|10px||10px||true&#8221; custom_padding_last_edited=&#8221;on|desktop&#8221; global_colors_info=&#8221;{}&#8221; padding_phone=&#8221;|10px||10px||true&#8221; padding_tablet=&#8221;|||&#8221; padding_last_edited=&#8221;on|desktop&#8221; custom_padding__hover=&#8221;|||&#8221;][et_pb_text _builder_version=&#8221;4.16.1&#8243; text_font=&#8221;Lato||||||||&#8221; text_font_size=&#8221;20px&#8221; text_line_height=&#8221;1.8em&#8221; header_font=&#8221;Open Sans|700|||||||&#8221; header_font_size=&#8221;100px&#8221; background_layout=&#8221;dark&#8221; width=&#8221;100%&#8221; custom_margin=&#8221;|-10vw|20px|0vw||&#8221; custom_margin_tablet=&#8221;|0vw||0px&#8221; custom_margin_phone=&#8221;&#8221; custom_margin_last_edited=&#8221;on|desktop&#8221; custom_padding=&#8221;74px|0px||||&#8221; animation_direction=&#8221;left&#8221; header_font_size_tablet=&#8221;100px&#8221; header_font_size_phone=&#8221;44px&#8221; header_font_size_last_edited=&#8221;on|phone&#8221; locked=&#8221;off&#8221; global_colors_info=&#8221;{}&#8221;]<\/p>\n<h1 style=\"text-align: center;\">MODERNA<\/h1>\n<p>[\/et_pb_text][\/et_pb_column][\/et_pb_row][\/et_pb_section][et_pb_section fb_built=&#8221;1&#8243; admin_label=&#8221;About Us&#8221; _builder_version=&#8221;4.16&#8243; custom_padding=&#8221;0px|0px|99px|0px|false|false&#8221; global_colors_info=&#8221;{}&#8221;][et_pb_row module_id=&#8221;program&#8221; _builder_version=&#8221;4.16.1&#8243; _module_preset=&#8221;default&#8221; custom_padding=&#8221;||0px|||&#8221; global_colors_info=&#8221;{}&#8221;][et_pb_column type=&#8221;4_4&#8243; _builder_version=&#8221;4.16.1&#8243; _module_preset=&#8221;default&#8221; global_colors_info=&#8221;{}&#8221;][et_pb_text admin_label=&#8221;Title&#8221; _builder_version=&#8221;4.16.1&#8243; text_font=&#8221;Open Sans||||||||&#8221; text_font_size=&#8221;17px&#8221; text_line_height=&#8221;1.8em&#8221; header_font=&#8221;Open Sans||||||||&#8221; header_2_font=&#8221;Open Sans||||||||&#8221; header_2_font_size=&#8221;50px&#8221; text_orientation=&#8221;center&#8221; max_width=&#8221;750px&#8221; module_alignment=&#8221;center&#8221; custom_margin=&#8221;100px|||||&#8221; header_2_font_size_tablet=&#8221;66px&#8221; header_2_font_size_phone=&#8221;36px&#8221; header_2_font_size_last_edited=&#8221;on|phone&#8221; global_colors_info=&#8221;{}&#8221;]<\/p>\n<h2>O projektu<\/h2>\n<p>&nbsp;<\/p>\n<p><em>Hudebn\u00ed s\u00e9rie \u201eModerna\u201c p\u0159edstavuje lok\u00e1ln\u00ed hudebn\u00ed skladatelky a skladatele z oblasti modern\u00ed klasick\u00e9 hudby.<\/em><\/p>\n<p>P\u0159edstavuje autory, kte\u0159\u00ed hledaj\u00ed nov\u00e9 sm\u011bry v hudb\u011b s nejdel\u0161\u00ed tradic\u00ed. Podobn\u011b jako sv\u011btov\u00e1 jm\u00e9na: Nils Frahm, \u00d3lafur Arnalds, Max Richter, J\u00f3hann J\u00f3hannsson, Hildur Gu\u00f0nad\u00f3ttir nebo Joep Beving i lok\u00e1ln\u00ed sc\u00e9na nab\u00edz\u00ed n\u011bkolik zaj\u00edmav\u00fdch jmen. V\u00fdrazn\u00fdm hudebn\u00edkem je nap\u0159. Karel Havl\u00ed\u010dek, kter\u00fd v ned\u011bli 16. \u0159\u00edjna vystoup\u00ed ve dvoran\u011b pra\u017esk\u00e9 Pr\u00e1vnick\u00e9 fakulty UK s orchestrem Stro.my Ensemble pod veden\u00edm dirigenta Ji\u0159\u00edho Trt\u00edka.<\/p>\n<p><em>Karel Havl\u00ed\u010dek<\/em> je hudebn\u00ed skladatel a sound designer. Na konci roku 2020 vydal album <em>Spoken<\/em>. <em>\u201eJe v\u00fdsledkem nejhlub\u0161\u00edch my\u0161lenek, emoc\u00ed a p\u0159\u00edb\u011bh\u016f, kter\u00e9 odr\u00e1\u017eej\u00ed m\u016fj \u017eivot a zku\u0161enosti ze dvou zcela odli\u0161n\u00fdch \u010d\u00e1st\u00ed sv\u011bta\u201c<\/em> , popisuje Karel Havl\u00ed\u010dek vznik alba, kter\u00e9 nahr\u00e1val 2 roky ve studi\u00edch v Praze a Los Angeles. \u201eModern classical\u201c nebo \u201enon-classical\u201c, jak je ozna\u010dov\u00e1n tento \u017e\u00e1nr je v\u00fdrazn\u011b podpo\u0159en siln\u00fdmi \ufb01lmov\u00fdmi n\u00e1ladami, kter\u00e9 jsou Karlovi velmi bl\u00edzko d\u00edky tvorb\u011b pro hran\u00e9 \u010di dokument\u00e1rn\u00ed \ufb01lmy, ale i televizn\u00ed seri\u00e1ly a \ufb01lmov\u00e9 trailery (HBO Europe \u2013 <em>Mamon<\/em>, <em>Terapie<\/em>, \u010cT \u2013 <em>Vzteklina<\/em> nebo \ufb01lmy<em>Ghoul<\/em>,<em>Carpe Noctem<\/em>, <em>Lion Ark<\/em> \u010di trailery<span>\u00a0<\/span><em>Reminiscence<\/em> nebo <em>The Batman<\/em>).<\/p>\n<p><em>Stro.my Ensemble<\/em> byl zalo\u017een v roce 2021 s my\u0161lenkou premi\u00e9rov\u00e9ho projektu <em>Koncert pro les<\/em>. It was initiated by composer Ji\u0159\u00ed Trt\u00edk with the aim of creating a young, dynamic and international music ensemble that will interpret music by young composers and collaborate with international artists across artistic disciplines.[\/et_pb_text][\/et_pb_column][\/et_pb_row][\/et_pb_section][et_pb_section fb_built=&#8221;1&#8243; custom_padding_last_edited=&#8221;on|tablet&#8221; admin_label=&#8221;Hero&#8221; _builder_version=&#8221;4.16.1&#8243; background_image=&#8221;https:\/\/stro.my\/wp-content\/uploads\/2023\/01\/DSC_6675.jpg&#8221; min_height=&#8221;946.6px&#8221; custom_margin=&#8221;0px|||&#8221; custom_padding=&#8221;0px|10%|0px|10%|true|true&#8221; custom_padding_tablet=&#8221;|30px||30px||true&#8221; custom_padding_phone=&#8221;|||||true&#8221; locked=&#8221;off&#8221; global_colors_info=&#8221;{}&#8221;][\/et_pb_section][et_pb_section fb_built=&#8221;1&#8243; _builder_version=&#8221;4.16.1&#8243; _module_preset=&#8221;default&#8221; custom_padding=&#8221;0px|||||&#8221; global_colors_info=&#8221;{}&#8221;][et_pb_row _builder_version=&#8221;4.16.1&#8243; _module_preset=&#8221;default&#8221; custom_padding=&#8221;74px|||||&#8221; global_colors_info=&#8221;{}&#8221;][et_pb_column type=&#8221;4_4&#8243; _builder_version=&#8221;4.16.1&#8243; _module_preset=&#8221;default&#8221; global_colors_info=&#8221;{}&#8221;][et_pb_text admin_label=&#8221;Title&#8221; _builder_version=&#8221;4.16.1&#8243; text_font=&#8221;Open Sans||||||||&#8221; text_font_size=&#8221;17px&#8221; text_line_height=&#8221;1.8em&#8221; header_font=&#8221;Open Sans||||||||&#8221; header_2_font=&#8221;Open Sans||||||||&#8221; header_2_font_size=&#8221;50px&#8221; text_orientation=&#8221;center&#8221; max_width=&#8221;750px&#8221; module_alignment=&#8221;center&#8221; custom_margin=&#8221;||60px|||&#8221; header_2_font_size_tablet=&#8221;66px&#8221; header_2_font_size_phone=&#8221;36px&#8221; header_2_font_size_last_edited=&#8221;on|phone&#8221; global_colors_info=&#8221;{}&#8221;]<\/p>\n<h2><\/h2>\n<h2>\u00a0Galerie<\/h2>\n<p>&nbsp;<\/p>\n<p><span><\/span><\/p>\n<p>[\/et_pb_text][et_pb_gallery gallery_ids=&#8221;349,344,350,352,353,354,355,356&#8243; posts_number=&#8221;8&#8243; show_title_and_caption=&#8221;off&#8221; show_pagination=&#8221;off&#8221; zoom_icon_color=&#8221;#FFFFFF&#8221; hover_overlay_color=&#8221;RGBA(255,255,255,0)&#8221; _builder_version=&#8221;4.16.1&#8243; _module_preset=&#8221;default&#8221; box_shadow_style_image=&#8221;preset1&#8243; global_colors_info=&#8221;{}&#8221;][\/et_pb_gallery][\/et_pb_column][\/et_pb_row][\/et_pb_section][et_pb_section fb_built=&#8221;1&#8243; admin_label=&#8221;About Us&#8221; _builder_version=&#8221;4.16&#8243; custom_padding=&#8221;4px|0px|0px|0px|false|false&#8221; global_colors_info=&#8221;{}&#8221;][et_pb_row module_id=&#8221;concert&#8221; _builder_version=&#8221;4.16.1&#8243; max_width=&#8221;960px&#8221; module_alignment=&#8221;center&#8221; min_height=&#8221;258.8px&#8221; use_custom_width=&#8221;on&#8221; custom_width_px=&#8221;960px&#8221; locked=&#8221;off&#8221; global_colors_info=&#8221;{}&#8221;][et_pb_column type=&#8221;4_4&#8243; _builder_version=&#8221;4.16&#8243; custom_padding=&#8221;|||&#8221; global_colors_info=&#8221;{}&#8221; custom_padding__hover=&#8221;|||&#8221;][et_pb_text admin_label=&#8221;Title&#8221; _builder_version=&#8221;4.16.1&#8243; text_font=&#8221;Open Sans||||||||&#8221; text_font_size=&#8221;17px&#8221; text_line_height=&#8221;1.8em&#8221; header_font=&#8221;Open Sans||||||||&#8221; header_2_font=&#8221;Open Sans||||||||&#8221; header_2_font_size=&#8221;50px&#8221; text_orientation=&#8221;center&#8221; max_width=&#8221;750px&#8221; module_alignment=&#8221;center&#8221; custom_margin=&#8221;||60px|||&#8221; header_2_font_size_tablet=&#8221;66px&#8221; header_2_font_size_phone=&#8221;36px&#8221; header_2_font_size_last_edited=&#8221;on|phone&#8221; global_colors_info=&#8221;{}&#8221;]<\/p>\n<h2><\/h2>\n<h2>\u00a0Premi\u00e9ra<\/h2>\n<p>&nbsp;<\/p>\n<p><span>Ned\u011ble, 16.10.2022 | Pr\u00e1vnick\u00e1 fakulta Univerzity Karlovy<\/span><\/p>\n<p>Organiz\u00e1tor\" GoodGood<span><\/span><\/p>\n<p><span><\/span><\/p>\n<p>[\/et_pb_text][\/et_pb_column][\/et_pb_row][\/et_pb_section]<\/p>","protected":false},"excerpt":{"rendered":"<p>MODERNAAbout Moderna &nbsp; The \u201cModerna\u201d music series presents local composers in the field of modern classical music. It presents artists who are looking for new directions in music with the [&hellip;]<\/p>","protected":false},"author":1,"featured_media":0,"parent":0,"menu_order":0,"comment_status":"closed","ping_status":"open","template":"","meta":{"_et_pb_use_builder":"on","_et_pb_old_content":"<!-- wp:paragraph -->\n<p>This is an example page. It's different from a blog post because it will stay in one place and will show up in your site navigation (in most themes). Most people start with an About page that introduces them to potential site visitors. It might say something like this:<\/p>\n<!-- \/wp:paragraph -->\n\n<!-- wp:quote -->\n<blockquote class=\"wp-block-quote\"><p>Hi there! I'm a bike messenger by day, aspiring actor by night, and this is my website. I live in Los Angeles, have a great dog named Jack, and I like pi\u00f1a coladas. (And gettin' caught in the rain.)<\/p><\/blockquote>\n<!-- \/wp:quote -->\n\n<!-- wp:paragraph -->\n<p>...or something like this:<\/p>\n<!-- \/wp:paragraph -->\n\n<!-- wp:quote -->\n<blockquote class=\"wp-block-quote\"><p>The XYZ Doohickey Company was founded in 1971, and has been providing quality doohickeys to the public ever since. Located in Gotham City, XYZ employs over 2,000 people and does all kinds of awesome things for the Gotham community.<\/p><\/blockquote>\n<!-- \/wp:quote -->\n\n<!-- wp:paragraph -->\n<p>As a new WordPress user, you should go to <a href=\"http:\/\/localhost\/wp\/wp-admin\/\">your dashboard<\/a> to delete this page and create new pages for your content. Have fun!<\/p>\n<!-- \/wp:paragraph -->","_et_gb_content_width":"","footnotes":""},"class_list":["post-341","page","type-page","status-publish","hentry"],"_links":{"self":[{"href":"https:\/\/stro.my\/cs\/wp-json\/wp\/v2\/pages\/341","targetHints":{"allow":["GET"]}}],"collection":[{"href":"https:\/\/stro.my\/cs\/wp-json\/wp\/v2\/pages"}],"about":[{"href":"https:\/\/stro.my\/cs\/wp-json\/wp\/v2\/types\/page"}],"author":[{"embeddable":true,"href":"https:\/\/stro.my\/cs\/wp-json\/wp\/v2\/users\/1"}],"replies":[{"embeddable":true,"href":"https:\/\/stro.my\/cs\/wp-json\/wp\/v2\/comments?post=341"}],"version-history":[{"count":14,"href":"https:\/\/stro.my\/cs\/wp-json\/wp\/v2\/pages\/341\/revisions"}],"predecessor-version":[{"id":1536,"href":"https:\/\/stro.my\/cs\/wp-json\/wp\/v2\/pages\/341\/revisions\/1536"}],"wp:attachment":[{"href":"https:\/\/stro.my\/cs\/wp-json\/wp\/v2\/media?parent=341"}],"curies":[{"name":"wp","href":"https:\/\/api.w.org\/{rel}","templated":true}]}}