{"id":1439,"date":"2026-02-13T08:22:38","date_gmt":"2026-02-13T08:22:38","guid":{"rendered":"https:\/\/stro.my\/?page_id=1439"},"modified":"2026-02-15T07:22:35","modified_gmt":"2026-02-15T07:22:35","slug":"music-against-bombs","status":"publish","type":"page","link":"https:\/\/stro.my\/cs\/music-against-bombs\/","title":{"rendered":"MUSIC AGAINST BOMBS"},"content":{"rendered":"<p>[et_pb_section fb_built=&#8221;1&#8243; custom_padding_last_edited=&#8221;on|tablet&#8221; disabled_on=&#8221;off|off|off&#8221; admin_label=&#8221;Hero&#8221; _builder_version=&#8221;4.16.1&#8243; use_background_color_gradient=&#8221;on&#8221; background_color_gradient_direction=&#8221;178deg&#8221; background_color_gradient_stops=&#8221;rgba(27,31,37,0) 13%|#1b1f25 100%&#8221; background_color_gradient_overlays_image=&#8221;on&#8221; background_color_gradient_start=&#8221;rgba(27,31,37,0)&#8221; background_color_gradient_end=&#8221;#1b1f25&#8243; background_image=&#8221;https:\/\/stro.my\/wp-content\/uploads\/2026\/02\/MAB-scaled.jpg&#8221; custom_margin=&#8221;0px|||&#8221; custom_padding=&#8221;0px|10%|0px|10%|true|true&#8221; custom_padding_tablet=&#8221;|30px||30px||true&#8221; custom_padding_phone=&#8221;108px|30px|108px|30px|true|true&#8221; locked=&#8221;off&#8221; global_colors_info=&#8221;{}&#8221;][et_pb_row padding_top_bottom_link_1=&#8221;true&#8221; padding_left_right_link_1=&#8221;true&#8221; _builder_version=&#8221;4.16.1&#8243; background_size=&#8221;initial&#8221; background_position=&#8221;top_left&#8221; width=&#8221;100%&#8221; max_width=&#8221;100%&#8221; custom_margin=&#8221;|||&#8221; custom_padding=&#8221;0||0px||false|false&#8221; use_custom_width=&#8221;on&#8221; width_unit=&#8221;off&#8221; custom_width_percent=&#8221;100%&#8221; global_colors_info=&#8221;{}&#8221;][et_pb_column type=&#8221;4_4&#8243; _builder_version=&#8221;4.16.1&#8243; custom_padding=&#8221;12vw|40px|12vw|40px&#8221; custom_padding_tablet=&#8221;|||&#8221; custom_padding_phone=&#8221;|10px||10px||true&#8221; custom_padding_last_edited=&#8221;on|desktop&#8221; global_colors_info=&#8221;{}&#8221; padding_phone=&#8221;|10px||10px||true&#8221; padding_tablet=&#8221;|||&#8221; padding_last_edited=&#8221;on|desktop&#8221; custom_padding__hover=&#8221;|||&#8221;][et_pb_text _builder_version=&#8221;4.16.1&#8243; text_font=&#8221;Lato||||||||&#8221; text_font_size=&#8221;20px&#8221; text_line_height=&#8221;1.8em&#8221; header_font=&#8221;Open Sans|700|||||||&#8221; header_font_size=&#8221;100px&#8221; background_layout=&#8221;dark&#8221; width=&#8221;100%&#8221; custom_margin=&#8221;|-10vw|20px|0vw||&#8221; custom_margin_tablet=&#8221;|0vw||0px&#8221; custom_margin_phone=&#8221;&#8221; custom_margin_last_edited=&#8221;on|desktop&#8221; custom_padding=&#8221;74px|0px||||&#8221; animation_direction=&#8221;left&#8221; header_font_size_tablet=&#8221;100px&#8221; header_font_size_phone=&#8221;44px&#8221; header_font_size_last_edited=&#8221;on|phone&#8221; locked=&#8221;off&#8221; global_colors_info=&#8221;{}&#8221;][\/et_pb_text][\/et_pb_column][\/et_pb_row][\/et_pb_section][et_pb_section fb_built=&#8221;1&#8243; _builder_version=&#8221;4.16.1&#8243; _module_preset=&#8221;default&#8221; background_color=&#8221;#000000&#8243; custom_padding=&#8221;0px||0px||true|false&#8221; global_colors_info=&#8221;{}&#8221;][et_pb_row _builder_version=&#8221;4.16.1&#8243; _module_preset=&#8221;default&#8221; width=&#8221;100%&#8221; max_width=&#8221;2560px&#8221; custom_padding=&#8221;0px||0px||true|false&#8221; global_colors_info=&#8221;{}&#8221;][et_pb_column type=&#8221;4_4&#8243; _builder_version=&#8221;4.16.1&#8243; _module_preset=&#8221;default&#8221; global_colors_info=&#8221;{}&#8221;][\/et_pb_column][\/et_pb_row][\/et_pb_section][et_pb_section fb_built=&#8221;1&#8243; admin_label=&#8221;About Us&#8221; _builder_version=&#8221;4.16&#8243; custom_padding=&#8221;0px|0px|0px|0px|false|false&#8221; global_colors_info=&#8221;{}&#8221;][et_pb_row module_id=&#8221;program&#8221; _builder_version=&#8221;4.16.1&#8243; _module_preset=&#8221;default&#8221; custom_padding=&#8221;||0px|||&#8221; global_colors_info=&#8221;{}&#8221;][et_pb_column type=&#8221;4_4&#8243; _builder_version=&#8221;4.16.1&#8243; _module_preset=&#8221;default&#8221; global_colors_info=&#8221;{}&#8221;][et_pb_text admin_label=&#8221;Title&#8221; _builder_version=&#8221;4.16.1&#8243; text_font=&#8221;Open Sans||||||||&#8221; text_font_size=&#8221;17px&#8221; text_line_height=&#8221;1.8em&#8221; header_font=&#8221;Open Sans||||||||&#8221; header_2_font=&#8221;Open Sans||||||||&#8221; header_2_font_size=&#8221;50px&#8221; text_orientation=&#8221;center&#8221; max_width=&#8221;750px&#8221; module_alignment=&#8221;center&#8221; custom_margin=&#8221;7px||28px|||&#8221; custom_padding=&#8221;||13px|||&#8221; header_2_font_size_tablet=&#8221;66px&#8221; header_2_font_size_phone=&#8221;36px&#8221; header_2_font_size_last_edited=&#8221;on|phone&#8221; global_colors_info=&#8221;{}&#8221;]<\/p>\n<h2>Koncept<\/h2>\n<p>&nbsp;<\/p>\n<p>&nbsp;<\/p>\n<div class=\"xdj266r x14z9mp xat24cr x1lziwak x1vvkbs\">A benefit concert &#8220;Music Against Bombs&#8221; to support people who are experiencing this time of life in danger in war-torn areas. During the evening dedicated to contemporary classical music, Ukrainian musicians Veronika Lemishenko, Stanislav Kalinin and Anastasia Subina will perform. The world&#8217;s leading hornist and conductor Radek Babor\u00e1k accepted the invitation as a special guest.<\/div>\n<div class=\"xdj266r x14z9mp xat24cr x1lziwak x1vvkbs\">You can also look forward to the premiere of &#8220;Ni\u010d yaka Misyachna&#8221; (Moonlight Night) based on the motifs of the Ukrainian folk song of the same name by Mykola Lyssenko. The composition will be dedicated to the victims of current war conflicts and will be interpreted in a unique site-specific performance.<\/div>\n<div class=\"xdj266r x14z9mp xat24cr x1lziwak x1vvkbs\">Come support young artists from war-torn areas during the concert &#8220;Music Against Bombs&#8221;. All proceeds from the concert will go to support young musicians, with an emphasis on helping students of the Kharkiv Conservatory of Music.<\/div>\n<div class=\"xdj266r x14z9mp xat24cr x1lziwak x1vvkbs\">Performers:<br \/>Veronika Lemishenko (Kharkov, harp)<br \/>Anastasia Subina (Kiev, harp)<br \/>Stanislav Kalinin (Kharkov, organ)<br \/>Anna Zaj\u00ed\u010dkov\u00e1 (cello)<\/div>\n<div class=\"xdj266r x14z9mp xat24cr x1lziwak x1vvkbs\">Mixed choir<br \/>Ji\u0159\u00ed Trt\u00edk<\/div>\n<div class=\"xdj266r x14z9mp xat24cr x1lziwak x1vvkbs\"><\/div>\n<div class=\"xdj266r x14z9mp xat24cr x1lziwak x1vvkbs\">Special guest: Radek Babor\u00e1k<\/div>\n<div class=\"xdj266r x14z9mp xat24cr x1lziwak x1vvkbs\">How you can help:<br \/>\ud83c\udf97\ufe0f Come to the concert and show your support<br \/>\ud83c\udf97\ufe0f Share this event with friends and family<br \/>\ud83c\udf97\ufe0f Donate to the charity collection at the venue<\/div>\n<div class=\"xdj266r x14z9mp xat24cr x1lziwak x1vvkbs\"><\/div>\n<div class=\"xdj266r x14z9mp xat24cr x1lziwak x1vvkbs\"><\/div>\n<div class=\"xdj266r x14z9mp xat24cr x1lziwak x1vvkbs\"><\/div>\n<div class=\"xdj266r x14z9mp xat24cr x1lziwak x1vvkbs\"><\/div>\n<div class=\"xdj266r x14z9mp xat24cr x1lziwak x1vvkbs\"><\/div>\n<div class=\"xdj266r x14z9mp xat24cr x1lziwak x1vvkbs\"><\/div>\n<p>[\/et_pb_text][\/et_pb_column][\/et_pb_row][et_pb_row _builder_version=&#8221;4.16.1&#8243; _module_preset=&#8221;default&#8221; width=&#8221;100%&#8221; max_width=&#8221;2560px&#8221; custom_padding=&#8221;0px||0px||true|false&#8221; global_colors_info=&#8221;{}&#8221;][et_pb_column type=&#8221;4_4&#8243; _builder_version=&#8221;4.16.1&#8243; _module_preset=&#8221;default&#8221; global_colors_info=&#8221;{}&#8221;][\/et_pb_column][\/et_pb_row][\/et_pb_section][et_pb_section fb_built=&#8221;1&#8243; admin_label=&#8221;About Us&#8221; _builder_version=&#8221;4.16&#8243; custom_padding=&#8221;43px|0px|0px|0px|false|false&#8221; global_colors_info=&#8221;{}&#8221;][et_pb_row module_id=&#8221;concert&#8221; _builder_version=&#8221;4.16.1&#8243; max_width=&#8221;960px&#8221; module_alignment=&#8221;center&#8221; custom_margin=&#8221;|auto|-60px|auto||&#8221; use_custom_width=&#8221;on&#8221; custom_width_px=&#8221;960px&#8221; locked=&#8221;off&#8221; global_colors_info=&#8221;{}&#8221;][et_pb_column type=&#8221;4_4&#8243; _builder_version=&#8221;4.16&#8243; custom_padding=&#8221;|||&#8221; global_colors_info=&#8221;{}&#8221; custom_padding__hover=&#8221;|||&#8221;][et_pb_text admin_label=&#8221;Title&#8221; _builder_version=&#8221;4.16.1&#8243; text_font=&#8221;Open Sans||||||||&#8221; text_font_size=&#8221;17px&#8221; text_line_height=&#8221;1.8em&#8221; header_font=&#8221;Open Sans||||||||&#8221; header_2_font=&#8221;Open Sans||||||||&#8221; header_2_font_size=&#8221;50px&#8221; text_orientation=&#8221;center&#8221; max_width=&#8221;750px&#8221; module_alignment=&#8221;center&#8221; custom_margin=&#8221;||60px|||&#8221; header_2_font_size_tablet=&#8221;66px&#8221; header_2_font_size_phone=&#8221;36px&#8221; header_2_font_size_last_edited=&#8221;on|phone&#8221; global_colors_info=&#8221;{}&#8221;]<\/p>\n<h2>Galerie<\/h2>\n<p>[\/et_pb_text][\/et_pb_column][\/et_pb_row][\/et_pb_section][et_pb_section fb_built=&#8221;1&#8243; _builder_version=&#8221;4.16.1&#8243; _module_preset=&#8221;default&#8221; background_color=&#8221;#FFFFFF&#8221; global_colors_info=&#8221;{}&#8221;][et_pb_row _builder_version=&#8221;4.16.1&#8243; _module_preset=&#8221;default&#8221; min_height=&#8221;263.4px&#8221; global_colors_info=&#8221;{}&#8221;][et_pb_column type=&#8221;4_4&#8243; _builder_version=&#8221;4.16.1&#8243; _module_preset=&#8221;default&#8221; global_colors_info=&#8221;{}&#8221;][et_pb_gallery gallery_ids=&#8221;1447,1448,1449,1450,1451,1452,1453,1454,1455&#8243; posts_number=&#8221;8&#8243; show_title_and_caption=&#8221;off&#8221; _builder_version=&#8221;4.16.1&#8243; _module_preset=&#8221;default&#8221; min_height=&#8221;106.4px&#8221; global_colors_info=&#8221;{}&#8221;][\/et_pb_gallery][\/et_pb_column][\/et_pb_row][\/et_pb_section][et_pb_section fb_built=&#8221;1&#8243; custom_padding_last_edited=&#8221;on|tablet&#8221; admin_label=&#8221;Hero&#8221; _builder_version=&#8221;4.16.1&#8243; background_image=&#8221;https:\/\/stro.my\/wp-content\/uploads\/2026\/02\/481050562_671645278563424_6529583588772001650_n.jpg&#8221; background_position=&#8221;center_right&#8221; background_horizontal_offset=&#8221;29%&#8221; min_height=&#8221;946.6px&#8221; custom_margin=&#8221;0px|||&#8221; custom_padding=&#8221;0px|10%|0px|10%|true|true&#8221; custom_padding_tablet=&#8221;|30px||30px||true&#8221; custom_padding_phone=&#8221;|||||true&#8221; locked=&#8221;off&#8221; global_colors_info=&#8221;{}&#8221;][\/et_pb_section][et_pb_section fb_built=&#8221;1&#8243; admin_label=&#8221;About Us&#8221; _builder_version=&#8221;4.16&#8243; min_height=&#8221;546.4px&#8221; custom_margin=&#8221;||-148px|||&#8221; custom_padding=&#8221;0px|0px|0px|0px|false|false&#8221; global_colors_info=&#8221;{}&#8221;][et_pb_row module_id=&#8221;sponsors&#8221; _builder_version=&#8221;4.16.1&#8243; max_width=&#8221;960px&#8221; module_alignment=&#8221;center&#8221; min_height=&#8221;338.1px&#8221; custom_margin=&#8221;-85px|auto|-85px|auto|false|&#8221; custom_padding=&#8221;100px|||||&#8221; use_custom_width=&#8221;on&#8221; custom_width_px=&#8221;960px&#8221; locked=&#8221;off&#8221; global_colors_info=&#8221;{}&#8221;][et_pb_column type=&#8221;4_4&#8243; _builder_version=&#8221;4.16&#8243; custom_padding=&#8221;|||&#8221; global_colors_info=&#8221;{}&#8221; custom_padding__hover=&#8221;|||&#8221;][et_pb_text admin_label=&#8221;Title&#8221; _builder_version=&#8221;4.16.1&#8243; text_font=&#8221;Open Sans||||||||&#8221; text_font_size=&#8221;17px&#8221; text_line_height=&#8221;1.8em&#8221; header_font=&#8221;Open Sans||||||||&#8221; header_2_font=&#8221;Open Sans||||||||&#8221; header_2_font_size=&#8221;50px&#8221; text_orientation=&#8221;center&#8221; max_width=&#8221;750px&#8221; module_alignment=&#8221;center&#8221; custom_margin=&#8221;|||&#8221; header_2_font_size_tablet=&#8221;66px&#8221; header_2_font_size_phone=&#8221;36px&#8221; header_2_font_size_last_edited=&#8221;on|phone&#8221; global_colors_info=&#8221;{}&#8221;]<\/p>\n<h2>Partners<\/h2>\n<p>[\/et_pb_text][et_pb_text _builder_version=&#8221;4.16.1&#8243; _module_preset=&#8221;default&#8221; text_font=&#8221;Open Sans||||||||&#8221; text_font_size=&#8221;23px&#8221; min_height=&#8221;28.8px&#8221; global_colors_info=&#8221;{}&#8221;]<\/p>\n<p style=\"text-align: center;\">The event is organized by STRO.MY Ensemble with the support of the MenART Foundation.<\/p>\n<p>[\/et_pb_text][\/et_pb_column][\/et_pb_row][\/et_pb_section]<\/p>","protected":false},"excerpt":{"rendered":"<p>Concept &nbsp; &nbsp; A benefit concert &#8220;Music Against Bombs&#8221; to support people who are experiencing this time of life in danger in war-torn areas. During the evening dedicated to contemporary [&hellip;]<\/p>","protected":false},"author":1,"featured_media":0,"parent":0,"menu_order":0,"comment_status":"closed","ping_status":"closed","template":"","meta":{"_et_pb_use_builder":"on","_et_pb_old_content":"<!-- wp:paragraph -->\n<p>This is an example page. It's different from a blog post because it will stay in one place and will show up in your site navigation (in most themes). Most people start with an About page that introduces them to potential site visitors. It might say something like this:<\/p>\n<!-- \/wp:paragraph -->\n\n<!-- wp:quote -->\n<blockquote class=\"wp-block-quote\"><p>Hi there! I'm a bike messenger by day, aspiring actor by night, and this is my website. I live in Los Angeles, have a great dog named Jack, and I like pi\u00f1a coladas. (And gettin' caught in the rain.)<\/p><\/blockquote>\n<!-- \/wp:quote -->\n\n<!-- wp:paragraph -->\n<p>...or something like this:<\/p>\n<!-- \/wp:paragraph -->\n\n<!-- wp:quote -->\n<blockquote class=\"wp-block-quote\"><p>The XYZ Doohickey Company was founded in 1971, and has been providing quality doohickeys to the public ever since. Located in Gotham City, XYZ employs over 2,000 people and does all kinds of awesome things for the Gotham community.<\/p><\/blockquote>\n<!-- \/wp:quote -->\n\n<!-- wp:paragraph -->\n<p>As a new WordPress user, you should go to <a href=\"http:\/\/localhost\/wp\/wp-admin\/\">your dashboard<\/a> to delete this page and create new pages for your content. Have fun!<\/p>\n<!-- \/wp:paragraph -->","_et_gb_content_width":"","footnotes":""},"class_list":["post-1439","page","type-page","status-publish","hentry"],"_links":{"self":[{"href":"https:\/\/stro.my\/cs\/wp-json\/wp\/v2\/pages\/1439","targetHints":{"allow":["GET"]}}],"collection":[{"href":"https:\/\/stro.my\/cs\/wp-json\/wp\/v2\/pages"}],"about":[{"href":"https:\/\/stro.my\/cs\/wp-json\/wp\/v2\/types\/page"}],"author":[{"embeddable":true,"href":"https:\/\/stro.my\/cs\/wp-json\/wp\/v2\/users\/1"}],"replies":[{"embeddable":true,"href":"https:\/\/stro.my\/cs\/wp-json\/wp\/v2\/comments?post=1439"}],"version-history":[{"count":10,"href":"https:\/\/stro.my\/cs\/wp-json\/wp\/v2\/pages\/1439\/revisions"}],"predecessor-version":[{"id":1493,"href":"https:\/\/stro.my\/cs\/wp-json\/wp\/v2\/pages\/1439\/revisions\/1493"}],"wp:attachment":[{"href":"https:\/\/stro.my\/cs\/wp-json\/wp\/v2\/media?parent=1439"}],"curies":[{"name":"wp","href":"https:\/\/api.w.org\/{rel}","templated":true}]}}