{"id":1069,"date":"2024-12-12T15:44:59","date_gmt":"2024-12-12T15:44:59","guid":{"rendered":"https:\/\/stro.my\/?page_id=1069"},"modified":"2025-01-31T12:18:02","modified_gmt":"2025-01-31T12:18:02","slug":"smetana-ambasador-of-czech-music","status":"publish","type":"page","link":"https:\/\/stro.my\/cs\/smetana-ambasador-of-czech-music\/","title":{"rendered":"SMETANA: AMBASADOR OF CZECH MUSIC"},"content":{"rendered":"<p>[et_pb_section fb_built=&#8221;1&#8243; custom_padding_last_edited=&#8221;on|tablet&#8221; disabled_on=&#8221;off|off|off&#8221; admin_label=&#8221;Hero&#8221; _builder_version=&#8221;4.16.1&#8243; use_background_color_gradient=&#8221;on&#8221; background_color_gradient_direction=&#8221;178deg&#8221; background_color_gradient_stops=&#8221;rgba(27,31,37,0) 13%|#1b1f25 100%&#8221; background_color_gradient_overlays_image=&#8221;on&#8221; background_color_gradient_start=&#8221;rgba(27,31,37,0)&#8221; background_color_gradient_end=&#8221;#1b1f25&#8243; background_image=&#8221;https:\/\/stro.my\/wp-content\/uploads\/2024\/10\/2024.09.21-Czeski-weekend-STRO-MY-Ensemble-fot.-Dariusz-Gorajski-25.jpg&#8221; custom_margin=&#8221;0px|||&#8221; custom_padding=&#8221;0px|10%|0px|10%|true|true&#8221; custom_padding_tablet=&#8221;|30px||30px||true&#8221; custom_padding_phone=&#8221;108px|30px|108px|30px|true|true&#8221; locked=&#8221;off&#8221; global_colors_info=&#8221;{}&#8221;][et_pb_row padding_top_bottom_link_1=&#8221;true&#8221; padding_left_right_link_1=&#8221;true&#8221; _builder_version=&#8221;4.16.1&#8243; background_size=&#8221;initial&#8221; background_position=&#8221;top_left&#8221; width=&#8221;100%&#8221; max_width=&#8221;100%&#8221; custom_margin=&#8221;|||&#8221; custom_padding=&#8221;0||0px||false|false&#8221; use_custom_width=&#8221;on&#8221; width_unit=&#8221;off&#8221; custom_width_percent=&#8221;100%&#8221; global_colors_info=&#8221;{}&#8221;][et_pb_column type=&#8221;4_4&#8243; _builder_version=&#8221;4.16.1&#8243; custom_padding=&#8221;12vw|40px|12vw|40px&#8221; custom_padding_tablet=&#8221;|||&#8221; custom_padding_phone=&#8221;|10px||10px||true&#8221; custom_padding_last_edited=&#8221;on|desktop&#8221; global_colors_info=&#8221;{}&#8221; padding_phone=&#8221;|10px||10px||true&#8221; padding_tablet=&#8221;|||&#8221; padding_last_edited=&#8221;on|desktop&#8221; custom_padding__hover=&#8221;|||&#8221;][et_pb_text _builder_version=&#8221;4.16.1&#8243; text_font=&#8221;Lato||||||||&#8221; text_font_size=&#8221;20px&#8221; text_line_height=&#8221;1.8em&#8221; header_font=&#8221;Open Sans|700|||||||&#8221; header_font_size=&#8221;100px&#8221; background_layout=&#8221;dark&#8221; width=&#8221;100%&#8221; custom_margin=&#8221;|-10vw|20px|0vw||&#8221; custom_margin_tablet=&#8221;|0vw||0px&#8221; custom_margin_phone=&#8221;&#8221; custom_margin_last_edited=&#8221;on|desktop&#8221; custom_padding=&#8221;74px|0px||||&#8221; animation_direction=&#8221;left&#8221; header_font_size_tablet=&#8221;100px&#8221; header_font_size_phone=&#8221;44px&#8221; header_font_size_last_edited=&#8221;on|phone&#8221; locked=&#8221;off&#8221; global_colors_info=&#8221;{}&#8221;]<\/p>\n<h1 style=\"text-align: center;\">SMETANA: AMBASADOR \u010cESK\u00c9 HUDBY<\/h1>\n<p>[\/et_pb_text][\/et_pb_column][\/et_pb_row][\/et_pb_section][et_pb_section fb_built=&#8221;1&#8243; _builder_version=&#8221;4.16.1&#8243; _module_preset=&#8221;default&#8221; background_color=&#8221;#000000&#8243; custom_padding=&#8221;0px||0px||true|false&#8221; global_colors_info=&#8221;{}&#8221;][et_pb_row _builder_version=&#8221;4.16.1&#8243; _module_preset=&#8221;default&#8221; width=&#8221;100%&#8221; max_width=&#8221;2560px&#8221; custom_padding=&#8221;0px||0px||true|false&#8221; global_colors_info=&#8221;{}&#8221;][et_pb_column type=&#8221;4_4&#8243; _builder_version=&#8221;4.16.1&#8243; _module_preset=&#8221;default&#8221; global_colors_info=&#8221;{}&#8221;][et_pb_code _builder_version=&#8221;4.16.1&#8243; _module_preset=&#8221;default&#8221; global_colors_info=&#8221;{}&#8221;]<iframe loading=\"lazy\" width=\"560\" height=\"315\" src=\"https:\/\/www.youtube.com\/embed\/s3vF9b-lrVA?si=HL4VcqO-WYKaqejo\" title=\"YouTube video player\" frameborder=\"0\" allow=\"accelerometer; autoplay; clipboard-write; encrypted-media; gyroscope; picture-in-picture; web-share\" referrerpolicy=\"strict-origin-when-cross-origin\" allowfullscreen><\/iframe>[\/et_pb_code][\/et_pb_column][\/et_pb_row][\/et_pb_section][et_pb_section fb_built=&#8221;1&#8243; admin_label=&#8221;About Us&#8221; _builder_version=&#8221;4.16&#8243; custom_padding=&#8221;0px|0px|0px|0px|false|false&#8221; global_colors_info=&#8221;{}&#8221;][et_pb_row module_id=&#8221;program&#8221; _builder_version=&#8221;4.16.1&#8243; _module_preset=&#8221;default&#8221; custom_padding=&#8221;||0px|||&#8221; global_colors_info=&#8221;{}&#8221;][et_pb_column type=&#8221;4_4&#8243; _builder_version=&#8221;4.16.1&#8243; _module_preset=&#8221;default&#8221; global_colors_info=&#8221;{}&#8221;][et_pb_text admin_label=&#8221;Title&#8221; _builder_version=&#8221;4.16.1&#8243; text_font=&#8221;Open Sans||||||||&#8221; text_font_size=&#8221;17px&#8221; text_line_height=&#8221;1.8em&#8221; header_font=&#8221;Open Sans||||||||&#8221; header_2_font=&#8221;Open Sans||||||||&#8221; header_2_font_size=&#8221;50px&#8221; text_orientation=&#8221;center&#8221; max_width=&#8221;750px&#8221; module_alignment=&#8221;center&#8221; custom_margin=&#8221;100px|||||&#8221; header_2_font_size_tablet=&#8221;66px&#8221; header_2_font_size_phone=&#8221;36px&#8221; header_2_font_size_last_edited=&#8221;on|phone&#8221; global_colors_info=&#8221;{}&#8221;]<\/p>\n<h2>Koncept<\/h2>\n<p><b><\/b><\/p>\n<p><b><\/b><\/p>\n<p>Bed\u0159ich Smetana byl nejen velk\u00fd \u010desk\u00fd skladatel a pedagog, ale tak\u00e9 advok\u00e1t pro hudbu druh\u00fdch. Premi\u00e9roval a organizoval koncerty a kulturn\u00ed ve\u010dery a podporoval sv\u00e9 mlad\u0161\u00ed kolegy. Ve spolupr\u00e1ci s \u010cesk\u00fdmi centry je snaha nav\u00e1zat pr\u00e1v\u011b na tento \u010dasto p\u0159ehl\u00ed\u017een\u00fd odkaz Bed\u0159icha Smetany vytvo\u0159en\u00edm p\u00e1sma koncert\u016f v\u011bnovan\u00fdch tvorb\u011b mlad\u00fdch \u010desk\u00fdch hudebn\u00edch skladatel\u016f a skladatelek prov\u00e1zan\u00fdch spole\u010dn\u00fdm t\u00e9matem. V druh\u00e9 polovin\u011b<span>\u00a0<\/span><em>Roku \u010desk\u00e9 hudby 2024<\/em><span>\u00a0<\/span>prob\u00edh\u00e1 s\u00e9rie koncert\u016f v r\u00e1mci Evropsk\u00e9ho kontinentu. Premi\u00e9ry skladeb zazn\u00ed ve \u0160t\u011bt\u00edn\u011b, Var\u0161av\u011b, Pa\u0159\u00ed\u017ei, B\u011blehrad\u011b, Berl\u00edn\u011b a nakonec i v Praze.<\/p>\n<p>V r\u00e1mci projektu byli osloveni mlad\u00ed \u010de\u0161t\u00ed skladatel\u00e9 a skladatelka Mikul\u00e1\u0161 Tich\u00fd, Ji\u0159\u00ed Trt\u00edk a Jana V\u00f6r\u00f6\u0161ov\u00e1. Tito vybran\u00ed skladatel\u00e9 m\u011bli za \u00fakol slo\u017eit skladbu inspirovanou \u017eivotem a d\u00edlem Bed\u0159icha Smetany. Projekt p\u0159edstav\u00ed mlad\u00e9 hudebn\u00ed talenty a podpo\u0159\u00ed jejich tvorbu. Jeho hlavn\u00edm c\u00edlem bude p\u0159ibl\u00ed\u017eit nav\u00edc publiku Smetan\u016fv \u017eivot a d\u00edlo skrze sou\u010dasn\u00fd hudebn\u00ed jazyk, propojit tradici s modernost\u00ed \u010di spojit klasickou hudbu s nov\u00fdmi trendy. Hudba t\u0159\u00ed mlad\u00fdch \u010desk\u00fdch skladatel\u016f zazn\u00ed v jedine\u010dn\u00fdch prostor\u00e1ch, kter\u00e9 podtrhne sv\u011bteln\u00e1 aran\u017ee Magdaleny Kl\u00e1ry H\u016flov\u00e9. Do minimalistick\u00e9 textury skladeb budou vetk\u00e1ny zvuky nov\u00e9ho, inovativn\u00edho n\u00e1stroje, syntez\u00e1toru Flux v premi\u00e9rov\u00e9m uveden\u00ed.<\/p>\n<p>Pro vystoupen\u00ed se sna\u017e\u00edme hledat architektonicky zaj\u00edmav\u00e9 prostory s unik\u00e1tn\u00edm geniem loci, kter\u00e9 jsou n\u00e1sledn\u011b obohaceny o profesion\u00e1ln\u00ed sv\u011bteln\u00fd design. V\u011b\u0159\u00ed, \u017ee spojen\u00ed hudby, architektury a sv\u011bteln\u00e9ho designu vytvo\u0159\u00ed zcela jedine\u010dnou atmosf\u00e9ru a siln\u00fd sonick\u00fd i vizu\u00e1ln\u00ed div\u00e1ck\u00fd z\u00e1\u017eitek.<\/p>\n<p><b>Harmonogram evropsk\u00fdch koncert\u016f:<\/b><\/p>\n<p><span style=\"font-weight: 400;\">\u0160t\u011bt\u00edn, Polsko,\u00a0 Filharmonie Mieczys\u0142awa Kar\u0142owicza 21. 9. 2024 <\/span><span style=\"font-weight: 400;\"><br \/><\/span><span style=\"font-weight: 400;\">Pa\u0159\u00ed\u017e, Francie, \u010cesk\u00e9 centrum Pa\u0159\u00ed\u017e 12. 10. 2024<\/span><span style=\"font-weight: 400;\"><br \/><\/span><span style=\"font-weight: 400;\">Var\u0161ava, Polsko, Kr\u00f3likarnia, Muzeum Narodowe 26. 10. 2024<\/span><span style=\"font-weight: 400;\"><br \/><\/span><span style=\"font-weight: 400;\">Berlin, N\u011bmecko, BHROX bauhaus reuse 6. 11. 2024<\/span><span style=\"font-weight: 400;\"><br \/><\/span><span style=\"font-weight: 400;\">B\u011blehrad, Srbsko, Evropsk\u00fd d\u016fm 17. 11. 2024<\/span><span style=\"font-weight: 400;\"><br \/><\/span><span style=\"font-weight: 400;\">Praha, \u010cesko, Komunitn\u00ed prostor Sm\u00edchov 7. 12. 2024<\/span><\/p>\n<p><b>PROGRAM a obsazen\u00ed:<\/b><\/p>\n<p><b>Mikul\u00e1\u0161 Tich\u00fd<\/b><span style=\"font-weight: 400;\"> skladba <\/span><i><span style=\"font-weight: 400;\">Neklid byt\u00ed<\/span><\/i><\/p>\n<p><b>Jana V\u00f6r\u00f6\u0161ov\u00e1 <\/b><span style=\"font-weight: 400;\">skladba <\/span><i><span style=\"font-weight: 400;\">E-from his life<\/span><\/i><\/p>\n<p><b>Ji\u0159\u00ed Trt\u00edk<\/b><span style=\"font-weight: 400;\"> skladba <\/span><i><span style=\"font-weight: 400;\">Vltava (Recomposed)<\/span><\/i><\/p>\n<p><b>Magdalena Kl\u00e1ra H\u016flov\u00e1 <\/b><span style=\"font-weight: 400;\">sv\u011bteln\u00fd design<\/span><\/p>\n<p><b>Ji\u0159\u00ed Trt\u00edk &amp; STRO.MY Ensemble <\/b><span style=\"font-weight: 400;\">hudebn\u00ed nastudov\u00e1n\u00ed\u00a0<\/span><\/p>\n<p><span style=\"font-weight: 400;\">N\u00e1strojov\u00e9 obsazen\u00ed: viola, kontrabas, marimba, klav\u00edr, elektronick\u00e1 hudba<\/span><\/p>\n<p><span style=\"font-weight: 400;\">Anotace skladby<\/span> <b><i>Neklid byt\u00ed<\/i><\/b><\/p>\n<p><span style=\"font-weight: 400;\">Neklid byt\u00ed je hudebn\u00ed d\u00edlo vytvo\u0159en\u00e9 autorem Mikul\u00e1\u0161em Tich\u00fdm k 200. v\u00fdro\u010d\u00ed narozen\u00ed Bed\u0159icha Smetany. Skladba spojuje tradi\u010dn\u00ed klav\u00edrn\u00ed part se syntez\u00e1torem, jeho\u017e zvuky evokuj\u00ed nap\u011bt\u00ed ze ztr\u00e1ty sluchu, j\u00ed\u017e Smetana na sklonku \u017eivota postupn\u011b trp\u011bl. D\u00edlo se vyzna\u010duje kontrastem mezi pevnou strukturou a jemn\u00fdmi improviza\u010dn\u00edmi prvky, kter\u00e9 odr\u00e1\u017eej\u00ed obraz hudby jako \u017eiv\u00e9ho organismu i prom\u011bnlivost ka\u017ed\u00e9 lidsk\u00e9 existence. Silou, je\u017e n\u00e1s poh\u00e1n\u00ed na cest\u011b byt\u00ed navzdory \u017eivotn\u00edm p\u00e1d\u016fm, je v\u00edra v ka\u017ed\u00fd dal\u0161\u00ed krok. <\/span><i><span style=\"font-weight: 400;\">\u201eSkladba je nejen poctou Smetanovi, ale i meditac\u00ed nad \u017eivotem a nevyhnuteln\u00fdm \u00fapadkem, jemu\u017e \u010del\u00edme s nad\u011bj\u00ed a v\u016fl\u00ed k\u00a0\u017eivotu,\u201c<\/span><\/i><span style=\"font-weight: 400;\"> \u0159\u00edk\u00e1 autor <\/span><b>Mikul\u00e1\u0161 Tich\u00fd<\/b><span style=\"font-weight: 400;\">.\u00a0<\/span><\/p>\n<p><b><i>Mikul\u00e1\u0161 Tich\u00fd<\/i><\/b> <span style=\"font-weight: 400;\">vystudoval skladatelstv\u00ed na Konzervato\u0159i Jana Deyla v Praze. Ve sv\u00e9 tvorb\u011b kombinuje prvky klasick\u00e9 kompozice s minimalismem prost\u0159ednictv\u00edm poetiky autentick\u00e9ho pohledu na sv\u011bt. Ve sv\u00fdch instrument\u00e1ln\u00edch skladb\u00e1ch zachycuje ospalost krajin pocit\u016f i st\u0159\u00edzlivost v\u0161edn\u00edch r\u00e1n a p\u0159ipom\u00edn\u00e1, \u017ee hudba je esperantem lidsk\u00fdch du\u0161\u00ed.<\/span><\/p>\n<p><span style=\"font-weight: 400;\">Anotace skladby <\/span><b><i>E-from his life<\/i><\/b><b>\u00a0<\/b><\/p>\n<p><span style=\"font-weight: 400;\">Skladba sv\u00fdm n\u00e1zvem odkazuje k inspiraci Smetanov\u00fdm smy\u010dcov\u00fdm kvartetem \u201cZ m\u00e9ho \u017eivota\u201d. A to okam\u017eikem, kdy se v z\u00e1v\u011bru oz\u00fdv\u00e1 t\u00f3n e4 v housl\u00edch. Situace p\u016fsob\u00edc\u00ed jako vytr\u017een\u00ed, moment, kter\u00fd najednou zastav\u00ed \u010das a d\u00e1 cel\u00e9 skladb\u011b obrovskou v\u00e1hu a\u017e fat\u00e1lnost. Form\u00e1ln\u011b je skladba rozd\u011blena do \u010dty\u0159 \u010d\u00e1st\u00ed. Vyu\u017e\u00edv\u00e1 zvukov\u00fdch mo\u017enost\u00ed elektronick\u00e9ho n\u00e1stroje Flux, zejm\u00e9na jeho schopnosti modulace charakteru zvuku ve velk\u00e9m \u010dasov\u00e9m pl\u00e1nu. <\/span><i><span style=\"font-weight: 400;\">\u201eP\u0159ivedla mne k ot\u00e1zk\u00e1m, kterak mal\u00e9 okam\u017eiky predeterminuj\u00ed vznik velk\u00fdch ud\u00e1lost\u00ed,\u201c<\/span><\/i><span style=\"font-weight: 400;\"> \u0159\u00edk\u00e1 autorka <\/span><b>Jana V\u00f6r\u00f6sov\u00e1<\/b><span style=\"font-weight: 400;\">.<\/span><\/p>\n<p><span style=\"font-weight: 400;\">Anotace skladby <\/span><b><i>Vltava (Recomposed)<\/i><\/b><\/p>\n<p><span style=\"font-weight: 400;\">Skladba Vltava (Recomposed) p\u0159in\u00e1\u0161\u00ed jin\u00fd pohled na \u0159eku Vltavu. V sou\u010dasn\u00e9 dob\u011b na n\u00ed le\u017e\u00ed celkem dev\u011bt velk\u00fdch p\u0159ehradn\u00edch d\u011bl, kter\u00e9 slou\u017e\u00ed k v\u00fdrob\u011b elekt\u0159iny, regulaci pr\u016ftoku a obran\u011b p\u0159ed povodn\u011bmi. Skladba pro klav\u00edr, marimbu, violu, kontrabas a syntez\u00e1tor Flux vych\u00e1z\u00ed ze Smetanovy symfonick\u00e9 b\u00e1sn\u011b, ale zohled\u0148uje tuto prom\u011bnu \u0159eky, zejm\u00e9na betonov\u00e9 stavby vybudovan\u00e9 ve 20. stolet\u00ed, dlouhodob\u00e9 zne\u010di\u0161\u0165ov\u00e1n\u00ed \u0159eky lidskou \u010dinnost\u00ed, a stejn\u011b tak i vysychaj\u00edc\u00ed a p\u0159eh\u0159\u00e1tou krajinu, kterou Vltava prot\u00e9k\u00e1. <\/span><i><span style=\"font-weight: 400;\">\u201eNa m\u00edsto romantick\u00e9ho op\u011bvov\u00e1n\u00ed p\u0159\u00edrody jako \u010dehosi dokonal\u00e9ho a v\u011b\u010dn\u00e9ho (v kontrastu s pom\u00edjivost\u00ed \u010dlov\u011bka), nab\u00edz\u00ed perspektivu ovlivn\u011bnou environment\u00e1ln\u00ed problematikou sou\u010dasnosti, kter\u00e1 nestav\u00ed hranici mezi \u010dlov\u011bka a p\u0159\u00edrodu, ale naopak je vn\u00edm\u00e1 jako jeden celek. P\u0159\u00edroda pot\u0159ebuje \u010dlov\u011bka a \u010dlov\u011bk p\u0159\u00edrodu,\u201c<\/span><\/i><span style=\"font-weight: 400;\"> \u0159\u00edk\u00e1 autor <\/span><b>Ji\u0159\u00ed Trt\u00edk<\/b><span style=\"font-weight: 400;\">.\u00a0<\/span><\/p>\n<p>&nbsp;<\/p>\n<p>[\/et_pb_text][\/et_pb_column][\/et_pb_row][et_pb_row _builder_version=&#8221;4.16.1&#8243; _module_preset=&#8221;default&#8221; width=&#8221;100%&#8221; max_width=&#8221;2560px&#8221; custom_padding=&#8221;0px||0px||true|false&#8221; global_colors_info=&#8221;{}&#8221;][et_pb_column type=&#8221;4_4&#8243; _builder_version=&#8221;4.16.1&#8243; _module_preset=&#8221;default&#8221; global_colors_info=&#8221;{}&#8221;][et_pb_code _builder_version=&#8221;4.16.1&#8243; _module_preset=&#8221;default&#8221; global_colors_info=&#8221;{}&#8221;]<iframe loading=\"lazy\" width=\"560\" height=\"315\" src=\"https:\/\/www.youtube.com\/embed\/qJ-EbJar2hs?si=sxF0Mc9FAenvIkRj\" title=\"YouTube video player\" frameborder=\"0\" allow=\"accelerometer; autoplay; clipboard-write; encrypted-media; gyroscope; picture-in-picture; web-share\" referrerpolicy=\"strict-origin-when-cross-origin\" allowfullscreen><\/iframe>[\/et_pb_code][\/et_pb_column][\/et_pb_row][\/et_pb_section][et_pb_section fb_built=&#8221;1&#8243; admin_label=&#8221;About Us&#8221; _builder_version=&#8221;4.16&#8243; custom_padding=&#8221;43px|0px|0px|0px|false|false&#8221; global_colors_info=&#8221;{}&#8221;][et_pb_row module_id=&#8221;concert&#8221; _builder_version=&#8221;4.16.1&#8243; max_width=&#8221;960px&#8221; module_alignment=&#8221;center&#8221; custom_margin=&#8221;|auto|-60px|auto||&#8221; use_custom_width=&#8221;on&#8221; custom_width_px=&#8221;960px&#8221; locked=&#8221;off&#8221; global_colors_info=&#8221;{}&#8221;][et_pb_column type=&#8221;4_4&#8243; _builder_version=&#8221;4.16&#8243; custom_padding=&#8221;|||&#8221; global_colors_info=&#8221;{}&#8221; custom_padding__hover=&#8221;|||&#8221;][et_pb_text admin_label=&#8221;Title&#8221; _builder_version=&#8221;4.16.1&#8243; text_font=&#8221;Open Sans||||||||&#8221; text_font_size=&#8221;17px&#8221; text_line_height=&#8221;1.8em&#8221; header_font=&#8221;Open Sans||||||||&#8221; header_2_font=&#8221;Open Sans||||||||&#8221; header_2_font_size=&#8221;50px&#8221; text_orientation=&#8221;center&#8221; max_width=&#8221;750px&#8221; module_alignment=&#8221;center&#8221; custom_margin=&#8221;||60px|||&#8221; header_2_font_size_tablet=&#8221;66px&#8221; header_2_font_size_phone=&#8221;36px&#8221; header_2_font_size_last_edited=&#8221;on|phone&#8221; global_colors_info=&#8221;{}&#8221;]<\/p>\n<h2>Galerie<\/h2>\n<p>[\/et_pb_text][\/et_pb_column][\/et_pb_row][\/et_pb_section][et_pb_section fb_built=&#8221;1&#8243; _builder_version=&#8221;4.16.1&#8243; _module_preset=&#8221;default&#8221; background_color=&#8221;#FFFFFF&#8221; hover_enabled=&#8221;0&#8243; global_colors_info=&#8221;{}&#8221; sticky_enabled=&#8221;0&#8243;][et_pb_row _builder_version=&#8221;4.16.1&#8243; _module_preset=&#8221;default&#8221; min_height=&#8221;263.4px&#8221; hover_enabled=&#8221;0&#8243; global_colors_info=&#8221;{}&#8221; sticky_enabled=&#8221;0&#8243;][et_pb_column type=&#8221;4_4&#8243; _builder_version=&#8221;4.16.1&#8243; _module_preset=&#8221;default&#8221; global_colors_info=&#8221;{}&#8221;][et_pb_gallery gallery_ids=&#8221;995,996,994,992,991,986,985,984,1018,1128,1127,1126,1125,1124,1123,1122,1121,1120,1119,1118,1117,1129&#8243; posts_number=&#8221;8&#8243; show_title_and_caption=&#8221;off&#8221; _builder_version=&#8221;4.16.1&#8243; _module_preset=&#8221;default&#8221; min_height=&#8221;106.4px&#8221; hover_enabled=&#8221;0&#8243; global_colors_info=&#8221;{}&#8221; sticky_enabled=&#8221;0&#8243;][\/et_pb_gallery][\/et_pb_column][\/et_pb_row][\/et_pb_section][et_pb_section fb_built=&#8221;1&#8243; custom_padding_last_edited=&#8221;on|tablet&#8221; admin_label=&#8221;Hero&#8221; _builder_version=&#8221;4.16.1&#8243; background_image=&#8221;https:\/\/stro.my\/wp-content\/uploads\/2024\/12\/DSC07837-1-scaled.jpg&#8221; background_position=&#8221;center_right&#8221; background_horizontal_offset=&#8221;29%&#8221; min_height=&#8221;946.6px&#8221; custom_margin=&#8221;0px|||&#8221; custom_padding=&#8221;0px|10%|0px|10%|true|true&#8221; custom_padding_tablet=&#8221;|30px||30px||true&#8221; custom_padding_phone=&#8221;|||||true&#8221; locked=&#8221;off&#8221; global_colors_info=&#8221;{}&#8221;][\/et_pb_section][et_pb_section fb_built=&#8221;1&#8243; admin_label=&#8221;About Us&#8221; _builder_version=&#8221;4.16&#8243; min_height=&#8221;546.4px&#8221; custom_margin=&#8221;||-148px|||&#8221; custom_padding=&#8221;0px|0px|0px|0px|false|false&#8221; global_colors_info=&#8221;{}&#8221;][et_pb_row module_id=&#8221;sponsors&#8221; _builder_version=&#8221;4.16.1&#8243; max_width=&#8221;960px&#8221; module_alignment=&#8221;center&#8221; min_height=&#8221;338.1px&#8221; custom_margin=&#8221;-85px|auto|-85px|auto|false|&#8221; custom_padding=&#8221;100px|||||&#8221; use_custom_width=&#8221;on&#8221; custom_width_px=&#8221;960px&#8221; locked=&#8221;off&#8221; global_colors_info=&#8221;{}&#8221;][et_pb_column type=&#8221;4_4&#8243; _builder_version=&#8221;4.16&#8243; custom_padding=&#8221;|||&#8221; global_colors_info=&#8221;{}&#8221; custom_padding__hover=&#8221;|||&#8221;][et_pb_text admin_label=&#8221;Title&#8221; _builder_version=&#8221;4.16.1&#8243; text_font=&#8221;Open Sans||||||||&#8221; text_font_size=&#8221;17px&#8221; text_line_height=&#8221;1.8em&#8221; header_font=&#8221;Open Sans||||||||&#8221; header_2_font=&#8221;Open Sans||||||||&#8221; header_2_font_size=&#8221;50px&#8221; text_orientation=&#8221;center&#8221; max_width=&#8221;750px&#8221; module_alignment=&#8221;center&#8221; custom_margin=&#8221;|||&#8221; header_2_font_size_tablet=&#8221;66px&#8221; header_2_font_size_phone=&#8221;36px&#8221; header_2_font_size_last_edited=&#8221;on|phone&#8221; global_colors_info=&#8221;{}&#8221;]<\/p>\n<h2>Partne\u0159i<\/h2>\n<p>[\/et_pb_text][et_pb_text _builder_version=&#8221;4.16.1&#8243; _module_preset=&#8221;default&#8221; text_font=&#8221;Open Sans||||||||&#8221; text_font_size=&#8221;23px&#8221; min_height=&#8221;28.8px&#8221; global_colors_info=&#8221;{}&#8221;]<\/p>\n<p style=\"text-align: center;\"><a href=\"https:\/\/czechcentres.gov.cz\/\"> Czech Centres<\/a><span>,\u00a0<\/span><a href=\"https:\/\/www.soundczech.cz\/cs\">Sound Czech<\/a><span>,\u00a0<\/span><a href=\"https:\/\/www.idu.cz\/cs\">Institute of Arts \u2013 Theater Institute<\/a><span>,\u00a0<\/span><a href=\"https:\/\/somasynths.com\/\">SOMA Labs<\/a><span>,\u00a0<\/span><a href=\"https:\/\/www.petrof.cz\/\">PETROF<\/a><span>,\u00a0<\/span><a href=\"https:\/\/www.osa.cz\/\">OSA<\/a><\/p>\n<p style=\"text-align: center;\"><span style=\"font-weight: 400;\"><\/span><\/p>\n<p style=\"text-align: center;\"><span style=\"font-weight: 400;\"> <img loading=\"lazy\" decoding=\"async\" src=\"https:\/\/stro.my\/wp-content\/uploads\/2024\/07\/bar.eng_.poz_-1024x239.jpg\" width=\"219\" height=\"51\" alt=\"\" class=\"wp-image-800 alignnone size-large\" \/> <img loading=\"lazy\" decoding=\"async\" src=\"https:\/\/stro.my\/wp-content\/uploads\/2024\/07\/Smetana200-logo-1024x355.png\" width=\"225\" height=\"78\" alt=\"\" class=\"wp-image-795 alignnone size-large\" \/><img loading=\"lazy\" decoding=\"async\" src=\"https:\/\/stro.my\/wp-content\/uploads\/2024\/07\/Year_of_Czech_Music_logo_zakladni_cerne_rgb-1024x882.png\" width=\"103\" height=\"89\" alt=\"\" class=\"wp-image-793 alignnone size-large\" \/><a href=\"https:\/\/czechcentres.gov.cz\/\"><img loading=\"lazy\" decoding=\"async\" src=\"https:\/\/stro.my\/wp-content\/uploads\/2024\/12\/ceska_centra.webp\" width=\"237\" height=\"75\" alt=\"\" class=\"wp-image-1096 alignnone size-full\" srcset=\"https:\/\/stro.my\/wp-content\/uploads\/2024\/12\/ceska_centra.webp 442w, https:\/\/stro.my\/wp-content\/uploads\/2024\/12\/ceska_centra-300x95.webp 300w, https:\/\/stro.my\/wp-content\/uploads\/2024\/12\/ceska_centra-18x6.webp 18w\" sizes=\"auto, (max-width: 237px) 100vw, 237px\" \/><\/a><img loading=\"lazy\" decoding=\"async\" src=\"https:\/\/stro.my\/wp-content\/uploads\/2024\/07\/logo-ATI-1024x494.jpg\" width=\"116\" height=\"56\" alt=\"\" class=\"wp-image-807 alignnone size-large\" \/><img loading=\"lazy\" decoding=\"async\" src=\"https:\/\/stro.my\/wp-content\/uploads\/2024\/07\/SoundCzech_horizontal_COL_positive_vector_CMYK-1024x539.png\" width=\"148\" height=\"78\" alt=\"\" class=\"wp-image-797 alignnone size-large\" \/> \u00a0 \u00a0<img loading=\"lazy\" decoding=\"async\" src=\"https:\/\/stro.my\/wp-content\/uploads\/2024\/07\/Praha_red_yellow_1-1-1024x495.webp\" width=\"234\" height=\"113\" alt=\"\" class=\"wp-image-789 alignnone size-large\" \/><img loading=\"lazy\" decoding=\"async\" src=\"https:\/\/stro.my\/wp-content\/uploads\/2024\/08\/SOMA-EU-1-e1724618694178.jpg\" width=\"100\" height=\"98\" alt=\"\" class=\"wp-image-876 alignnone size-full\" \/>\u00a0 \u00a0 \u00a0 \u00a0<a href=\"https:\/\/czechcentres.gov.cz\/\"><img loading=\"lazy\" decoding=\"async\" src=\"https:\/\/stro.my\/wp-content\/uploads\/2024\/12\/PETROF_colour_RGB-1024x339.png\" width=\"241\" height=\"80\" alt=\"\" class=\"wp-image-1095 alignnone size-large\" \/><img loading=\"lazy\" decoding=\"async\" src=\"https:\/\/stro.my\/wp-content\/uploads\/2024\/12\/OSA-LOGO-1024x857.jpg\" width=\"171\" height=\"143\" alt=\"\" class=\"wp-image-1101 alignnone size-large\" \/><\/a><\/span><\/p>\n<p style=\"text-align: center;\"><span style=\"font-weight: 400;\"><\/span><\/p>\n<p style=\"text-align: center;\"><span style=\"font-weight: 400;\"><\/span><\/p>\n<p style=\"text-align: center;\"><span style=\"font-weight: 400;\">Projekt se uskute\u010d\u0148uje za finan\u010dn\u00ed podpory Ministerstva kultury, Magistr\u00e1tu hl.\u00a0 m. Prahy, Soundczechu (Divadeln\u00ed \u00fastav), \u010cesk\u00fdch center, a OSA.\u00a0<\/span><\/p>\n<p style=\"text-align: center;\"><span style=\"font-weight: 400;\"><\/span><\/p>\n<p style=\"text-align: center;\"><span style=\"font-weight: 400;\"><\/span><\/p>\n<p style=\"text-align: center;\"><span style=\"font-weight: 400;\"><\/span><\/p>\n<p style=\"text-align: center;\"><span style=\"font-weight: 400;\"><\/span><\/p>\n<p style=\"text-align: center;\"><span style=\"font-weight: 400;\"><\/span><\/p>\n<p>[\/et_pb_text][\/et_pb_column][\/et_pb_row][\/et_pb_section]<\/p>","protected":false},"excerpt":{"rendered":"<p>SMETANA: AMBASADOR \u010cESK\u00c9 HUDBYKoncept Bed\u0159ich Smetana byl nejen velk\u00fd \u010desk\u00fd skladatel a pedagog, ale tak\u00e9 advok\u00e1t pro hudbu druh\u00fdch. Premi\u00e9roval a organizoval koncerty a kulturn\u00ed ve\u010dery a podporoval sv\u00e9 mlad\u0161\u00ed [&hellip;]<\/p>","protected":false},"author":1,"featured_media":0,"parent":0,"menu_order":0,"comment_status":"closed","ping_status":"closed","template":"","meta":{"_et_pb_use_builder":"on","_et_pb_old_content":"<!-- wp:paragraph -->\n<p>This is an example page. It's different from a blog post because it will stay in one place and will show up in your site navigation (in most themes). Most people start with an About page that introduces them to potential site visitors. It might say something like this:<\/p>\n<!-- \/wp:paragraph -->\n\n<!-- wp:quote -->\n<blockquote class=\"wp-block-quote\"><p>Hi there! I'm a bike messenger by day, aspiring actor by night, and this is my website. I live in Los Angeles, have a great dog named Jack, and I like pi\u00f1a coladas. (And gettin' caught in the rain.)<\/p><\/blockquote>\n<!-- \/wp:quote -->\n\n<!-- wp:paragraph -->\n<p>...or something like this:<\/p>\n<!-- \/wp:paragraph -->\n\n<!-- wp:quote -->\n<blockquote class=\"wp-block-quote\"><p>The XYZ Doohickey Company was founded in 1971, and has been providing quality doohickeys to the public ever since. Located in Gotham City, XYZ employs over 2,000 people and does all kinds of awesome things for the Gotham community.<\/p><\/blockquote>\n<!-- \/wp:quote -->\n\n<!-- wp:paragraph -->\n<p>As a new WordPress user, you should go to <a href=\"http:\/\/localhost\/wp\/wp-admin\/\">your dashboard<\/a> to delete this page and create new pages for your content. Have fun!<\/p>\n<!-- \/wp:paragraph -->","_et_gb_content_width":"","footnotes":""},"class_list":["post-1069","page","type-page","status-publish","hentry"],"_links":{"self":[{"href":"https:\/\/stro.my\/cs\/wp-json\/wp\/v2\/pages\/1069","targetHints":{"allow":["GET"]}}],"collection":[{"href":"https:\/\/stro.my\/cs\/wp-json\/wp\/v2\/pages"}],"about":[{"href":"https:\/\/stro.my\/cs\/wp-json\/wp\/v2\/types\/page"}],"author":[{"embeddable":true,"href":"https:\/\/stro.my\/cs\/wp-json\/wp\/v2\/users\/1"}],"replies":[{"embeddable":true,"href":"https:\/\/stro.my\/cs\/wp-json\/wp\/v2\/comments?post=1069"}],"version-history":[{"count":18,"href":"https:\/\/stro.my\/cs\/wp-json\/wp\/v2\/pages\/1069\/revisions"}],"predecessor-version":[{"id":1130,"href":"https:\/\/stro.my\/cs\/wp-json\/wp\/v2\/pages\/1069\/revisions\/1130"}],"wp:attachment":[{"href":"https:\/\/stro.my\/cs\/wp-json\/wp\/v2\/media?parent=1069"}],"curies":[{"name":"wp","href":"https:\/\/api.w.org\/{rel}","templated":true}]}}